{"id":783006,"date":"2026-04-14T19:02:26","date_gmt":"2026-04-14T18:02:26","guid":{"rendered":"https:\/\/www.test.ginzinger.bike\/?product=ried-innkr-honda-xl750-transalp-3514901"},"modified":"2026-04-14T19:02:26","modified_gmt":"2026-04-14T18:02:26","slug":"ried-innkr-honda-xl750-transalp-3514901","status":"publish","type":"product","link":"https:\/\/www.test.ginzinger.bike\/?product=ried-innkr-honda-xl750-transalp-3514901","title":{"rendered":"XL750 Transalp"},"content":{"rendered":"<p>Neu eingetroffen<br \/>Honda XL750 Transalp &#8211; Baujahr 2024 &#8211; Top Zustand, voll ausgestattet<br \/>Zum Verkauf steht eine Honda XL750 Transalp (Baujahr 2024) mit 38.900 km Laufleistung in einem hervorragenden, top gepflegten Zustand.<br \/>Das Motorrad wurde stets regelm\u00e4\u00dfig gewartet, alle Services wurden l\u00fcckenlos durchgef\u00fchrt &#8211; einfach draufsetzen und losfahren!<br \/>Highlights &#038; Ausstattung:<\/p>\n<ul>\n<li>Robustes Kofferset &#8211; perfekt f\u00fcr Touren und Reisen<\/li>\n<\/ul>\n<ul>\n<li>Sturzb\u00fcgel f\u00fcr zus\u00e4tzlichen Schutz<\/li>\n<\/ul>\n<ul>\n<li>Leistungsstarke Zusatzscheinwerfer f\u00fcr optimale Sicht<\/li>\n<\/ul>\n<ul>\n<li>Viele weitere Extras und sinnvolle Erweiterungen<\/li>\n<\/ul>\n<p>Die Transalp \u00fcberzeugt mit ihrem zuverl\u00e4ssigen Motor, komfortabler Sitzposition und vielseitigen Einsatzm\u00f6glichkeiten &#8211; ideal f\u00fcr Alltag, lange Touren oder auch leichtes Gel\u00e4nde.<br \/>Zustand:<br \/>Sehr gepflegt, technisch einwandfrei, keine bekannten M\u00e4ngel.<br \/>Ein perfektes Bike f\u00fcr alle, die ein modernes, zuverl\u00e4ssiges Adventure-Motorrad mit umfangreicher Ausstattung suchen.<br \/>Bei Fragen wenden sie sich gerne an unser Team<br \/>Gerne begr\u00fc\u00dfen wir Sie in unserer Rieder Niederlassung w\u00e4hrend unserer \u00d6ffnungszeiten:<br \/>MONTAG GESCHLOSSEN!<br \/>Di. &#8211; Fr. 08:00 &#8211; 12:00 Uhr und 13:30 &#8211; 18:00 Uhr,<br \/>Samstag 9:00 &#8211; 12:00 Uhr,<br \/>Nicht jedes inserierte Fahrzeug ist lagernd wir bitte um eine Anfrage zur Verf\u00fcgbarkeit,<br \/>F\u00fcr eine Probefahrt bitten wir sie um Terminvereinbarung,<br \/>Finanzierungen mit und auch ohne Anzahlung \/ auch Drittelfinanzierung m\u00f6glich,<br \/>Inzahlungnahme gebrauchter Motorr\u00e4der, Roller und auch Mopeds,<br \/>Angebot g\u00fcltig vorbehaltlich Irrt\u00fcmer und zwischenzeitlichen Verkaufes,<br \/>Tel: 07752 \/ 85801- DW 118 oder DW 119 oder DW 122<br \/>Mail: ried.vk@ginzinger.at<br \/>Ginzinger GmbH \/ Frankenburger Stra\u00dfe 19 \/ 4910 Ried im Innkreis,<\/p>\n","protected":false},"excerpt":{"rendered":"<p>GM : 2024 :<\/p>\n","protected":false},"featured_media":783007,"comment_status":"closed","ping_status":"open","template":"","meta":{"_acf_changed":false},"product_brand":[567],"product_cat":[155,607,568],"product_tag":[591,526,220],"class_list":{"0":"post-783006","1":"product","2":"type-product","3":"status-publish","4":"has-post-thumbnail","6":"product_brand-honda","7":"product_cat-zweirad","8":"product_cat-gebrauchte","9":"product_cat-honda","10":"product_tag-enduro","11":"product_tag-honda","12":"product_tag-ried-innkr","13":"pa_biketyp-enduro","14":"pa_hubraumklasse-501-bis-900","15":"pa_kw-klasse-51-bis-70","16":"pa_zustand-gm","18":"first","19":"instock","20":"product-type-simple"},"acf":[],"_links":{"self":[{"href":"https:\/\/www.test.ginzinger.bike\/index.php?rest_route=\/wp\/v2\/product\/783006","targetHints":{"allow":["GET"]}}],"collection":[{"href":"https:\/\/www.test.ginzinger.bike\/index.php?rest_route=\/wp\/v2\/product"}],"about":[{"href":"https:\/\/www.test.ginzinger.bike\/index.php?rest_route=\/wp\/v2\/types\/product"}],"replies":[{"embeddable":true,"href":"https:\/\/www.test.ginzinger.bike\/index.php?rest_route=%2Fwp%2Fv2%2Fcomments&post=783006"}],"wp:featuredmedia":[{"embeddable":true,"href":"https:\/\/www.test.ginzinger.bike\/index.php?rest_route=\/wp\/v2\/media\/783007"}],"wp:attachment":[{"href":"https:\/\/www.test.ginzinger.bike\/index.php?rest_route=%2Fwp%2Fv2%2Fmedia&parent=783006"}],"wp:term":[{"taxonomy":"product_brand","embeddable":true,"href":"https:\/\/www.test.ginzinger.bike\/index.php?rest_route=%2Fwp%2Fv2%2Fproduct_brand&post=783006"},{"taxonomy":"product_cat","embeddable":true,"href":"https:\/\/www.test.ginzinger.bike\/index.php?rest_route=%2Fwp%2Fv2%2Fproduct_cat&post=783006"},{"taxonomy":"product_tag","embeddable":true,"href":"https:\/\/www.test.ginzinger.bike\/index.php?rest_route=%2Fwp%2Fv2%2Fproduct_tag&post=783006"}],"curies":[{"name":"wp","href":"https:\/\/api.w.org\/{rel}","templated":true}]}}