{"id":781883,"date":"2026-04-14T03:31:21","date_gmt":"2026-04-14T02:31:21","guid":{"rendered":"https:\/\/www.test.ginzinger.bike\/?product=traun-kawasaki-versys-1000-3509915"},"modified":"2026-04-14T03:31:21","modified_gmt":"2026-04-14T02:31:21","slug":"traun-kawasaki-versys-1000-3509915","status":"publish","type":"product","link":"https:\/\/www.test.ginzinger.bike\/?product=traun-kawasaki-versys-1000-3509915","title":{"rendered":"Versys 1000"},"content":{"rendered":"<p>Kawasaki Versys 1000<br \/>ABS<br \/>Seitenkofferset<br \/>Topcase<br \/>Nebelscheinwerfer<br \/>Unterfahrschutz<\/p>\n<p>Gerne begr\u00fc\u00dfen wir Sie in unserer Trauner Niederlassung w\u00e4hrend unserer \u00d6ffnungszeiten:<br \/>MONTAG GESCHLOSSEN,<br \/>Di. &#8211; Fr. 08:00 &#8211; 12:00 Uhr und 13:30 &#8211; 18:00 Uhr,<br \/>Samstag 9:00 &#8211; 12:00 Uhr,<br \/>F\u00fcr eine Probefahrt bitten wir sie um kurze Terminvereinbarung,<br \/>Finanzierungen mit und auch ohne Anzahlung \/ auch Drittelfinanzierung m\u00f6glich,<br \/>Inzahlungnahme gebrauchter Motorr\u00e4der, Roller und auch Mopeds,<br \/>Angebot g\u00fcltig vorbehaltlich Irrt\u00fcmer und zwischenzeitlichen Verkaufes,<br \/>Nicht alle inserierten Fahrzeuge sind lagernd,<br \/>Tel: 07229 \/ 62929- DW 718 oder DW 719,<br \/>Mail: traun@ginzinger.at oder traun.vk@ginzinger.at<br \/>Ginzinger GmbH \/ Wiener Bundesstra\u00dfe 223 \/ 4050 Traun,<\/p>\n","protected":false},"excerpt":{"rendered":"<p>GM : 2017 :<\/p>\n","protected":false},"featured_media":0,"comment_status":"closed","ping_status":"open","template":"","meta":{"_acf_changed":false},"product_brand":[300],"product_cat":[607,301,155],"product_tag":[517,594,219],"class_list":{"0":"post-781883","1":"product","2":"type-product","3":"status-publish","5":"product_brand-kawasaki","6":"product_cat-gebrauchte","7":"product_cat-kawasaki","8":"product_cat-zweirad","9":"product_tag-kawasaki","10":"product_tag-sporttourer","11":"product_tag-traun","12":"pa_biketyp-sporttourer","13":"pa_hubraumklasse-901-bis-1200","14":"pa_kw-klasse-71-bis-120","15":"pa_zustand-gm","17":"first","18":"instock","19":"product-type-simple"},"acf":[],"_links":{"self":[{"href":"https:\/\/www.test.ginzinger.bike\/index.php?rest_route=\/wp\/v2\/product\/781883","targetHints":{"allow":["GET"]}}],"collection":[{"href":"https:\/\/www.test.ginzinger.bike\/index.php?rest_route=\/wp\/v2\/product"}],"about":[{"href":"https:\/\/www.test.ginzinger.bike\/index.php?rest_route=\/wp\/v2\/types\/product"}],"replies":[{"embeddable":true,"href":"https:\/\/www.test.ginzinger.bike\/index.php?rest_route=%2Fwp%2Fv2%2Fcomments&post=781883"}],"wp:attachment":[{"href":"https:\/\/www.test.ginzinger.bike\/index.php?rest_route=%2Fwp%2Fv2%2Fmedia&parent=781883"}],"wp:term":[{"taxonomy":"product_brand","embeddable":true,"href":"https:\/\/www.test.ginzinger.bike\/index.php?rest_route=%2Fwp%2Fv2%2Fproduct_brand&post=781883"},{"taxonomy":"product_cat","embeddable":true,"href":"https:\/\/www.test.ginzinger.bike\/index.php?rest_route=%2Fwp%2Fv2%2Fproduct_cat&post=781883"},{"taxonomy":"product_tag","embeddable":true,"href":"https:\/\/www.test.ginzinger.bike\/index.php?rest_route=%2Fwp%2Fv2%2Fproduct_tag&post=781883"}],"curies":[{"name":"wp","href":"https:\/\/api.w.org\/{rel}","templated":true}]}}