{"id":780681,"date":"2026-04-14T12:05:14","date_gmt":"2026-04-14T11:05:14","guid":{"rendered":"https:\/\/www.test.ginzinger.bike\/?product=ried-innkr-kawasaki-z650-3506829"},"modified":"2026-04-14T12:05:14","modified_gmt":"2026-04-14T11:05:14","slug":"ried-innkr-kawasaki-z650-3506829","status":"publish","type":"product","link":"https:\/\/www.test.ginzinger.bike\/?product=ried-innkr-kawasaki-z650-3506829","title":{"rendered":"Z650"},"content":{"rendered":"<p>Kawasaki Z650 &#8211; Neufahrzeug in Wei\u00df | 0 km | Garantie ab 04\/2026<br \/>Zum Verkauf steht eine Kawasaki Z650 in elegantem Wei\u00df &#8211; ein echtes Highlight f\u00fcr alle Naked-Bike-Fans!<br \/>Zustand: Neufahrzeug (0 km, keine Zulassung)<br \/>Erstzulassung: keine &#8211; du bist der erste Besitzer<br \/>Garantie: Herstellergarantie ab 04\/2026<br \/>Farbe: Wei\u00df<br \/>Leistung &#038; Fahrspa\u00df: kraftvoller Zweizylinder mit sportlichem Handling<br \/>Die Z650 \u00fcberzeugt mit ihrem aggressiven Design, moderner Technik und hervorragender Fahrdynamik &#8211; perfekt f\u00fcr Einsteiger und erfahrene Fahrer gleicherma\u00dfen.<br \/>Das Motorrad wurde noch nie zugelassen oder gefahren, befindet sich also im absoluten Neuzustand.<br \/>Bei Fragen wenden sie sich gerne an unser Team<br \/>Gerne begr\u00fc\u00dfen wir Sie in unserer Rieder Niederlassung w\u00e4hrend unserer \u00d6ffnungszeiten:<br \/>MONTAG GESCHLOSSEN!<br \/>Di. &#8211; Fr. 08:00 &#8211; 12:00 Uhr und 13:30 &#8211; 18:00 Uhr,<br \/>Samstag 9:00 &#8211; 12:00 Uhr,<br \/>Nicht jedes inserierte Fahrzeug ist lagernd wir bitte um eine Anfrage zur Verf\u00fcgbarkeit,<br \/>F\u00fcr eine Probefahrt bitten wir sie um Terminvereinbarung,<br \/>Finanzierungen mit und auch ohne Anzahlung \/ auch Drittelfinanzierung m\u00f6glich,<br \/>Inzahlungnahme gebrauchter Motorr\u00e4der, Roller und auch Mopeds,<br \/>Angebot g\u00fcltig vorbehaltlich Irrt\u00fcmer und zwischenzeitlichen Verkaufes,<br \/>Tel: 07752 \/ 85801- DW 118 oder DW 119 oder DW 122<br \/>Mail: ried.vk@ginzinger.at<br \/>Ginzinger GmbH \/ Frankenburger Stra\u00dfe 19 \/ 4910 Ried im Innkreis,<\/p>\n","protected":false},"excerpt":{"rendered":"<p>GM : 2026 :<\/p>\n","protected":false},"featured_media":780682,"comment_status":"closed","ping_status":"open","template":"","meta":{"_acf_changed":false},"product_brand":[300],"product_cat":[155,607,301],"product_tag":[220,517,592],"class_list":{"0":"post-780681","1":"product","2":"type-product","3":"status-publish","4":"has-post-thumbnail","6":"product_brand-kawasaki","7":"product_cat-zweirad","8":"product_cat-gebrauchte","9":"product_cat-kawasaki","10":"product_tag-ried-innkr","11":"product_tag-kawasaki","12":"product_tag-naked-bike","13":"pa_biketyp-naked-bike","14":"pa_hubraumklasse-501-bis-900","15":"pa_kw-klasse-36-bis-50","16":"pa_zustand-gm","18":"first","19":"instock","20":"product-type-simple"},"acf":[],"_links":{"self":[{"href":"https:\/\/www.test.ginzinger.bike\/index.php?rest_route=\/wp\/v2\/product\/780681","targetHints":{"allow":["GET"]}}],"collection":[{"href":"https:\/\/www.test.ginzinger.bike\/index.php?rest_route=\/wp\/v2\/product"}],"about":[{"href":"https:\/\/www.test.ginzinger.bike\/index.php?rest_route=\/wp\/v2\/types\/product"}],"replies":[{"embeddable":true,"href":"https:\/\/www.test.ginzinger.bike\/index.php?rest_route=%2Fwp%2Fv2%2Fcomments&post=780681"}],"wp:featuredmedia":[{"embeddable":true,"href":"https:\/\/www.test.ginzinger.bike\/index.php?rest_route=\/wp\/v2\/media\/780682"}],"wp:attachment":[{"href":"https:\/\/www.test.ginzinger.bike\/index.php?rest_route=%2Fwp%2Fv2%2Fmedia&parent=780681"}],"wp:term":[{"taxonomy":"product_brand","embeddable":true,"href":"https:\/\/www.test.ginzinger.bike\/index.php?rest_route=%2Fwp%2Fv2%2Fproduct_brand&post=780681"},{"taxonomy":"product_cat","embeddable":true,"href":"https:\/\/www.test.ginzinger.bike\/index.php?rest_route=%2Fwp%2Fv2%2Fproduct_cat&post=780681"},{"taxonomy":"product_tag","embeddable":true,"href":"https:\/\/www.test.ginzinger.bike\/index.php?rest_route=%2Fwp%2Fv2%2Fproduct_tag&post=780681"}],"curies":[{"name":"wp","href":"https:\/\/api.w.org\/{rel}","templated":true}]}}