{"id":779468,"date":"2026-04-14T12:05:12","date_gmt":"2026-04-14T11:05:12","guid":{"rendered":"https:\/\/www.test.ginzinger.bike\/?product=ried-innkr-yamaha-xsr700-3503008"},"modified":"2026-04-14T12:05:12","modified_gmt":"2026-04-14T11:05:12","slug":"ried-innkr-yamaha-xsr700-3503008","status":"publish","type":"product","link":"https:\/\/www.test.ginzinger.bike\/?product=ried-innkr-yamaha-xsr700-3503008","title":{"rendered":"XSR700"},"content":{"rendered":"<p>Yamaha XSR700 &#8211; Vorf\u00fchrfahrzeug mit nur 250 km!<br \/>Zum Verkauf steht eine neuwertige Yamaha XSR700 als Vorf\u00fchrfahrzeug mit nur 250 km Laufleistung.<br \/>Erstzulassung: 03\/2025<br \/>Attraktiver Preis &#8211; Top Gelegenheit!<br \/>Highlights:<\/p>\n<ul>\n<li>Kraftvoller CP2-Motor mit starkem Drehmoment<\/li>\n<\/ul>\n<ul>\n<li>Retro-Design kombiniert mit moderner Technik<\/li>\n<\/ul>\n<ul>\n<li>Sehr geringe Laufleistung &#8211; nahezu Neuzustand<\/li>\n<\/ul>\n<ul>\n<li>Perfekt f\u00fcr Einsteiger und erfahrene Fahrer<\/li>\n<\/ul>\n<p>Das Motorrad ist sofort verf\u00fcgbar und bereit f\u00fcr die neue Saison!<br \/>Sparen gegen\u00fcber Neupreis und trotzdem fast ein neues Bike fahren!<br \/>Bei Fragen wenden sie sich gerne an unser Team<br \/>Gerne begr\u00fc\u00dfen wir Sie in unserer Rieder Niederlassung w\u00e4hrend unserer \u00d6ffnungszeiten:<br \/>MONTAG GESCHLOSSEN!<br \/>Di. &#8211; Fr. 08:00 &#8211; 12:00 Uhr und 13:30 &#8211; 18:00 Uhr,<br \/>Samstag 9:00 &#8211; 12:00 Uhr,<br \/>Nicht jedes inserierte Fahrzeug ist lagernd wir bitte um eine Anfrage zur Verf\u00fcgbarkeit,<br \/>F\u00fcr eine Probefahrt bitten wir sie um Terminvereinbarung,<br \/>Finanzierungen mit und auch ohne Anzahlung \/ auch Drittelfinanzierung m\u00f6glich,<br \/>Inzahlungnahme gebrauchter Motorr\u00e4der, Roller und auch Mopeds,<br \/>Angebot g\u00fcltig vorbehaltlich Irrt\u00fcmer und zwischenzeitlichen Verkaufes,<br \/>Tel: 07752 \/ 85801- DW 118 oder DW 119 oder DW 122<br \/>Mail: ried.vk@ginzinger.at<br \/>Ginzinger GmbH \/ Frankenburger Stra\u00dfe 19 \/ 4910 Ried im Innkreis,<\/p>\n","protected":false},"excerpt":{"rendered":"<p>GM : 2025 :<\/p>\n","protected":false},"featured_media":779469,"comment_status":"closed","ping_status":"open","template":"","meta":{"_acf_changed":false},"product_brand":[280],"product_cat":[155,607,331],"product_tag":[592,220,282],"class_list":{"0":"post-779468","1":"product","2":"type-product","3":"status-publish","4":"has-post-thumbnail","6":"product_brand-yamaha","7":"product_cat-zweirad","8":"product_cat-gebrauchte","9":"product_cat-yamaha","10":"product_tag-naked-bike","11":"product_tag-ried-innkr","12":"product_tag-yamaha","13":"pa_biketyp-naked-bike","14":"pa_hubraumklasse-501-bis-900","15":"pa_kw-klasse-51-bis-70","16":"pa_zustand-gm","18":"first","19":"instock","20":"product-type-simple"},"acf":[],"_links":{"self":[{"href":"https:\/\/www.test.ginzinger.bike\/index.php?rest_route=\/wp\/v2\/product\/779468","targetHints":{"allow":["GET"]}}],"collection":[{"href":"https:\/\/www.test.ginzinger.bike\/index.php?rest_route=\/wp\/v2\/product"}],"about":[{"href":"https:\/\/www.test.ginzinger.bike\/index.php?rest_route=\/wp\/v2\/types\/product"}],"replies":[{"embeddable":true,"href":"https:\/\/www.test.ginzinger.bike\/index.php?rest_route=%2Fwp%2Fv2%2Fcomments&post=779468"}],"wp:featuredmedia":[{"embeddable":true,"href":"https:\/\/www.test.ginzinger.bike\/index.php?rest_route=\/wp\/v2\/media\/779469"}],"wp:attachment":[{"href":"https:\/\/www.test.ginzinger.bike\/index.php?rest_route=%2Fwp%2Fv2%2Fmedia&parent=779468"}],"wp:term":[{"taxonomy":"product_brand","embeddable":true,"href":"https:\/\/www.test.ginzinger.bike\/index.php?rest_route=%2Fwp%2Fv2%2Fproduct_brand&post=779468"},{"taxonomy":"product_cat","embeddable":true,"href":"https:\/\/www.test.ginzinger.bike\/index.php?rest_route=%2Fwp%2Fv2%2Fproduct_cat&post=779468"},{"taxonomy":"product_tag","embeddable":true,"href":"https:\/\/www.test.ginzinger.bike\/index.php?rest_route=%2Fwp%2Fv2%2Fproduct_tag&post=779468"}],"curies":[{"name":"wp","href":"https:\/\/api.w.org\/{rel}","templated":true}]}}