{"id":779328,"date":"2026-04-14T12:04:54","date_gmt":"2026-04-14T11:04:54","guid":{"rendered":"https:\/\/www.test.ginzinger.bike\/?product=ried-innkr-triumph-speed-twin-1200-3501328"},"modified":"2026-04-14T12:04:54","modified_gmt":"2026-04-14T11:04:54","slug":"ried-innkr-triumph-speed-twin-1200-3501328","status":"publish","type":"product","link":"https:\/\/www.test.ginzinger.bike\/?product=ried-innkr-triumph-speed-twin-1200-3501328","title":{"rendered":"Speed Twin 1200"},"content":{"rendered":"<p>Triumph Speed Twin 1200 (Baujahr 2022) &#8211; Top Zustand, Fahrspa\u00df pur!<br \/>Zum Verkauf steht eine gepflegte Triumph Speed Twin 1200 aus dem Jahr 2022 mit aktuell 13.690 km Laufleistung. Das Motorrad \u00fcberzeugt mit klassischem Design, moderner Technik und ordentlich Leistung &#8211; perfekt f\u00fcr alle, die Stil und Performance kombinieren wollen.<br \/>Details:<\/p>\n<ul>\n<li>Erstzulassung: 2022<\/li>\n<\/ul>\n<ul>\n<li>Kilometerstand: 13.690 km<\/li>\n<\/ul>\n<ul>\n<li>Motor: 1200 ccm, kraftvoller Zweizylinder<\/li>\n<\/ul>\n<ul>\n<li>Leistung: ca. 100 PS<\/li>\n<\/ul>\n<ul>\n<li>Farbe: (hier Farbe erg\u00e4nzen)<\/li>\n<\/ul>\n<ul>\n<li>Zustand: Sehr gepflegt, unfallfrei<\/li>\n<\/ul>\n<p>Ausstattung &#038; Extras:<\/p>\n<ul>\n<li>ABS &#038; Traktionskontrolle<\/li>\n<\/ul>\n<ul>\n<li>Fahrmodi<\/li>\n<\/ul>\n<ul>\n<li>Hochwertige Bremsanlage<\/li>\n<\/ul>\n<ul>\n<li>LED-Beleuchtung<\/li>\n<\/ul>\n<ul>\n<li>(optionale Extras erg\u00e4nzen, z. B. Zubeh\u00f6r, Auspuff, Spiegel etc.)<\/li>\n<\/ul>\n<p>Service &#038; Pflege:<\/p>\n<ul>\n<li>Regelm\u00e4\u00dfig gewartet<\/li>\n<\/ul>\n<ul>\n<li>Garagenfahrzeug<\/li>\n<\/ul>\n<p>Die Speed Twin f\u00e4hrt sich absolut souver\u00e4n, bietet starken Durchzug und macht sowohl auf kurvigen Landstra\u00dfen als auch im Alltag richtig Spa\u00df.<br \/>Bei Fragen wenden sie sich gerne an unser Team<br \/>Gerne begr\u00fc\u00dfen wir Sie in unserer Rieder Niederlassung w\u00e4hrend unserer \u00d6ffnungszeiten:<br \/>MONTAG GESCHLOSSEN!<br \/>Di. &#8211; Fr. 08:00 &#8211; 12:00 Uhr und 13:30 &#8211; 18:00 Uhr,<br \/>Samstag 9:00 &#8211; 12:00 Uhr,<br \/>Nicht jedes inserierte Fahrzeug ist lagernd wir bitte um eine Anfrage zur Verf\u00fcgbarkeit,<br \/>F\u00fcr eine Probefahrt bitten wir sie um Terminvereinbarung,<br \/>Finanzierungen mit und auch ohne Anzahlung \/ auch Drittelfinanzierung m\u00f6glich,<br \/>Inzahlungnahme gebrauchter Motorr\u00e4der, Roller und auch Mopeds,<br \/>Angebot g\u00fcltig vorbehaltlich Irrt\u00fcmer und zwischenzeitlichen Verkaufes,<br \/>Tel: 07752 \/ 85801- DW 118 oder DW 119 oder DW 122<br \/>Mail: ried.vk@ginzinger.at<br \/>Ginzinger GmbH \/ Frankenburger Stra\u00dfe 19 \/ 4910 Ried im Innkreis,<\/p>\n","protected":false},"excerpt":{"rendered":"<p>GM : 2022 :<\/p>\n","protected":false},"featured_media":779329,"comment_status":"closed","ping_status":"open","template":"","meta":{"_acf_changed":false},"product_brand":[577],"product_cat":[155,607,578],"product_tag":[533,592,220],"class_list":{"0":"post-779328","1":"product","2":"type-product","3":"status-publish","4":"has-post-thumbnail","6":"product_brand-triumph","7":"product_cat-zweirad","8":"product_cat-gebrauchte","9":"product_cat-triumph","10":"product_tag-triumph","11":"product_tag-naked-bike","12":"product_tag-ried-innkr","13":"pa_biketyp-naked-bike","14":"pa_hubraumklasse-901-bis-1200","15":"pa_kw-klasse-71-bis-120","16":"pa_zustand-gm","18":"first","19":"instock","20":"product-type-simple"},"acf":[],"_links":{"self":[{"href":"https:\/\/www.test.ginzinger.bike\/index.php?rest_route=\/wp\/v2\/product\/779328","targetHints":{"allow":["GET"]}}],"collection":[{"href":"https:\/\/www.test.ginzinger.bike\/index.php?rest_route=\/wp\/v2\/product"}],"about":[{"href":"https:\/\/www.test.ginzinger.bike\/index.php?rest_route=\/wp\/v2\/types\/product"}],"replies":[{"embeddable":true,"href":"https:\/\/www.test.ginzinger.bike\/index.php?rest_route=%2Fwp%2Fv2%2Fcomments&post=779328"}],"wp:featuredmedia":[{"embeddable":true,"href":"https:\/\/www.test.ginzinger.bike\/index.php?rest_route=\/wp\/v2\/media\/779329"}],"wp:attachment":[{"href":"https:\/\/www.test.ginzinger.bike\/index.php?rest_route=%2Fwp%2Fv2%2Fmedia&parent=779328"}],"wp:term":[{"taxonomy":"product_brand","embeddable":true,"href":"https:\/\/www.test.ginzinger.bike\/index.php?rest_route=%2Fwp%2Fv2%2Fproduct_brand&post=779328"},{"taxonomy":"product_cat","embeddable":true,"href":"https:\/\/www.test.ginzinger.bike\/index.php?rest_route=%2Fwp%2Fv2%2Fproduct_cat&post=779328"},{"taxonomy":"product_tag","embeddable":true,"href":"https:\/\/www.test.ginzinger.bike\/index.php?rest_route=%2Fwp%2Fv2%2Fproduct_tag&post=779328"}],"curies":[{"name":"wp","href":"https:\/\/api.w.org\/{rel}","templated":true}]}}