{"id":777949,"date":"2026-04-14T12:03:39","date_gmt":"2026-04-14T11:03:39","guid":{"rendered":"https:\/\/www.test.ginzinger.bike\/?product=traun-yamaha-mt-09-y-amt-3447908"},"modified":"2026-04-14T12:03:39","modified_gmt":"2026-04-14T11:03:39","slug":"traun-yamaha-mt-09-y-amt-3447908","status":"publish","type":"product","link":"https:\/\/www.test.ginzinger.bike\/?product=traun-yamaha-mt-09-y-amt-3447908","title":{"rendered":"MT-09 Y-AMT"},"content":{"rendered":"<p>Yamaha MT-09 Y-AMT VORF\u00dcHRFAHRZEUG<br \/>Erstanmeldung 19.03.2025<br \/>Gerne begr\u00fc\u00dfen wir Sie in unserer Trauner Niederlassung w\u00e4hrend unserer \u00d6ffnungszeiten:<br \/>MONTAG GESCHLOSSEN,<br \/>Di. &#8211; Fr. 08:00 &#8211; 12:00 Uhr und 13:30 &#8211; 18:00 Uhr,<br \/>Samstag 9:00 &#8211; 12:00 Uhr,<br \/>F\u00fcr eine Probefahrt bitten wir sie um kurze Terminvereinbarung,<br \/>Finanzierungen mit und auch ohne Anzahlung \/ auch Drittelfinanzierung m\u00f6glich,<br \/>Inzahlungnahme gebrauchter Motorr\u00e4der, Roller und auch Mopeds,<br \/>Angebot g\u00fcltig vorbehaltlich Irrt\u00fcmer und zwischenzeitlichen Verkaufes,<br \/>Nicht alle inserierten Fahrzeuge sind lagernd,<br \/>Tel: 07229 \/ 62929- DW 718 oder DW 719,<br \/>Mail: traun@ginzinger.at oder traun.vk@ginzinger.at<br \/>Ginzinger GmbH \/ Wiener Bundesstra\u00dfe 223 \/ 4050 Traun,<\/p>\n","protected":false},"excerpt":{"rendered":"<p>GM : 2025 :<\/p>\n","protected":false},"featured_media":777950,"comment_status":"closed","ping_status":"open","template":"","meta":{"_acf_changed":false},"product_brand":[280],"product_cat":[607,331,155],"product_tag":[592,219,282],"class_list":{"0":"post-777949","1":"product","2":"type-product","3":"status-publish","4":"has-post-thumbnail","6":"product_brand-yamaha","7":"product_cat-gebrauchte","8":"product_cat-yamaha","9":"product_cat-zweirad","10":"product_tag-naked-bike","11":"product_tag-traun","12":"product_tag-yamaha","13":"pa_biketyp-naked-bike","14":"pa_hubraumklasse-501-bis-900","15":"pa_kw-klasse-71-bis-120","16":"pa_zustand-gm","18":"first","19":"instock","20":"product-type-simple"},"acf":[],"_links":{"self":[{"href":"https:\/\/www.test.ginzinger.bike\/index.php?rest_route=\/wp\/v2\/product\/777949","targetHints":{"allow":["GET"]}}],"collection":[{"href":"https:\/\/www.test.ginzinger.bike\/index.php?rest_route=\/wp\/v2\/product"}],"about":[{"href":"https:\/\/www.test.ginzinger.bike\/index.php?rest_route=\/wp\/v2\/types\/product"}],"replies":[{"embeddable":true,"href":"https:\/\/www.test.ginzinger.bike\/index.php?rest_route=%2Fwp%2Fv2%2Fcomments&post=777949"}],"wp:featuredmedia":[{"embeddable":true,"href":"https:\/\/www.test.ginzinger.bike\/index.php?rest_route=\/wp\/v2\/media\/777950"}],"wp:attachment":[{"href":"https:\/\/www.test.ginzinger.bike\/index.php?rest_route=%2Fwp%2Fv2%2Fmedia&parent=777949"}],"wp:term":[{"taxonomy":"product_brand","embeddable":true,"href":"https:\/\/www.test.ginzinger.bike\/index.php?rest_route=%2Fwp%2Fv2%2Fproduct_brand&post=777949"},{"taxonomy":"product_cat","embeddable":true,"href":"https:\/\/www.test.ginzinger.bike\/index.php?rest_route=%2Fwp%2Fv2%2Fproduct_cat&post=777949"},{"taxonomy":"product_tag","embeddable":true,"href":"https:\/\/www.test.ginzinger.bike\/index.php?rest_route=%2Fwp%2Fv2%2Fproduct_tag&post=777949"}],"curies":[{"name":"wp","href":"https:\/\/api.w.org\/{rel}","templated":true}]}}