{"id":771448,"date":"2026-04-14T12:03:55","date_gmt":"2026-04-14T11:03:55","guid":{"rendered":"https:\/\/www.test.ginzinger.bike\/?product=salzburg-suzuki-gsx-r-1000-r-3466756"},"modified":"2026-04-14T12:03:56","modified_gmt":"2026-04-14T11:03:56","slug":"salzburg-suzuki-gsx-r-1000-r-3466756","status":"publish","type":"product","link":"https:\/\/www.test.ginzinger.bike\/?product=salzburg-suzuki-gsx-r-1000-r-3466756","title":{"rendered":"GSX-R 1000 R"},"content":{"rendered":"<p>Baujahr: 2026<br \/>GSX-R1000R<br \/>Sie ist wieder da<br \/>Entspannt in die Saison 2026 starten<br \/>Jetzt vorbestellen in den Farben:<br \/>C6F Pearl Vigor Blue \/ Pearl Tech White<br \/>C7Q Candy Daring Red \/ Pearl Tech White<br \/>C7P Pearl Ignite Yellow \/ Metallic Mat Stellar Blue<br \/>Gewicht Fahrfertig 203 KG<br \/>4-Takt-4-Zylinder-Motor (195 PS), fl\u00fcssigkeitsgek\u00fchlt, DOHC<br \/>lineares Drehmoment \u00fcber gesamten Drehzahlbereich<br \/>Suzuki Racing VVT<br \/>erf\u00fcllt Euro 5+ Abgas- u. Ger\u00e4uschregelungen<br \/>kompaktes, leichtes Chassis f\u00fcr hohe Agilit\u00e4t<br \/>verst\u00e4rkte Alu-Schwinge f\u00fcr hohe Stabilit\u00e4t<br \/>Bridgestone BATTLAX RACING STREET RS11 Bereifung<br \/>S.I.R.S. Assistenzsysteme<br \/>Exklusives 40th Anniversary Design<br \/>Vorbeh\u00e4ltlich Preis\u00e4nderung<br \/>Viele g\u00fcnstige Finanzierungsvarianten Vorhanden.<br \/>Eintausch oder Ankauf deines Bikes ist m\u00f6glich.<br \/>Informationen bei GINZINGER Salzburg,<br \/>Telefonisch unter<br \/>0662\/874721 218 Harald<br \/>0662\/874721 219 Andreas<br \/>Per Mail unter : sbg.vk@ginzinger.at<br \/>Vorbehaltlich Irrt\u00fcmer, Druckfehler oder Vorzeitiger Verkauf.<br \/>Extras:<br \/>Fahrmodi<br \/>TFT-Display<\/p>\n","protected":false},"excerpt":{"rendered":"<p>GM : 2026 :<\/p>\n","protected":false},"featured_media":771449,"comment_status":"closed","ping_status":"open","template":"","meta":{"_acf_changed":false},"product_brand":[283],"product_cat":[607,566,155],"product_tag":[215,589,284],"class_list":{"0":"post-771448","1":"product","2":"type-product","3":"status-publish","4":"has-post-thumbnail","6":"product_brand-suzuki","7":"product_cat-gebrauchte","8":"product_cat-suzuki","9":"product_cat-zweirad","10":"product_tag-salzburg","11":"product_tag-supersport","12":"product_tag-suzuki","13":"pa_biketyp-supersport","14":"pa_hubraumklasse-901-bis-1200","15":"pa_kw-klasse-ueber-120","16":"pa_zustand-gm","18":"first","19":"instock","20":"product-type-simple"},"acf":[],"_links":{"self":[{"href":"https:\/\/www.test.ginzinger.bike\/index.php?rest_route=\/wp\/v2\/product\/771448","targetHints":{"allow":["GET"]}}],"collection":[{"href":"https:\/\/www.test.ginzinger.bike\/index.php?rest_route=\/wp\/v2\/product"}],"about":[{"href":"https:\/\/www.test.ginzinger.bike\/index.php?rest_route=\/wp\/v2\/types\/product"}],"replies":[{"embeddable":true,"href":"https:\/\/www.test.ginzinger.bike\/index.php?rest_route=%2Fwp%2Fv2%2Fcomments&post=771448"}],"wp:featuredmedia":[{"embeddable":true,"href":"https:\/\/www.test.ginzinger.bike\/index.php?rest_route=\/wp\/v2\/media\/771449"}],"wp:attachment":[{"href":"https:\/\/www.test.ginzinger.bike\/index.php?rest_route=%2Fwp%2Fv2%2Fmedia&parent=771448"}],"wp:term":[{"taxonomy":"product_brand","embeddable":true,"href":"https:\/\/www.test.ginzinger.bike\/index.php?rest_route=%2Fwp%2Fv2%2Fproduct_brand&post=771448"},{"taxonomy":"product_cat","embeddable":true,"href":"https:\/\/www.test.ginzinger.bike\/index.php?rest_route=%2Fwp%2Fv2%2Fproduct_cat&post=771448"},{"taxonomy":"product_tag","embeddable":true,"href":"https:\/\/www.test.ginzinger.bike\/index.php?rest_route=%2Fwp%2Fv2%2Fproduct_tag&post=771448"}],"curies":[{"name":"wp","href":"https:\/\/api.w.org\/{rel}","templated":true}]}}