{"id":769002,"date":"2026-02-23T13:32:29","date_gmt":"2026-02-23T12:32:29","guid":{"rendered":"https:\/\/www.test.ginzinger.bike\/?product=baja-125-4t"},"modified":"2026-02-23T13:32:41","modified_gmt":"2026-02-23T12:32:41","slug":"baja-125-4t","status":"publish","type":"product","link":"https:\/\/www.test.ginzinger.bike\/?product=baja-125-4t","title":{"rendered":"BAJA 125 4T"},"content":{"rendered":"<p>Die BAJA 125 4T pr\u00e4sentiert sich mit einem neuen Design und einer grundlegend \u00fcberarbeiteten Technik \u2013 ein Motorrad von zentraler Bedeutung f\u00fcr die Geschichte von VENT, das mit der Euro\u20115\u2011Homologation vollst\u00e4ndig erneuert wurde. Entwickelt in Introbio im Valsassina, entstand dieses Modell aus der Erfahrung von mehr als drei\u00dfig Jahren Dirt\u2011Track\u2011Rennsport auf internationalem Niveau. Die BAJA 125 4T wurde konsequent modernisiert, ohne dabei jene Eigenschaften zu vernachl\u00e4ssigen, die sie seit jeher zu einem Spitzenreiter in ihrem Segment machen. Angetrieben wird sie vom neuen Minarelli\u2011125\u2011cm\u00b3\u2011Viertaktmotor mit variabler Ventilsteuerung, der im Vergleich zur Vorg\u00e4ngergeneration sp\u00fcrbar mehr Leistung bietet und gleichzeitig Verbrauch und Emissionen deutlich reduziert. Die umfangreiche Serienausstattung unterstreicht den hohen Anspruch dieses Modells: Der robuste und weiterentwickelte VENT\u20116.0\u2011Rahmen, die Upside\u2011Down\u2011Gabel, die Anti\u2011Hopping\u2011Kupplung sowie das CBS\u2011System f\u00fcr kombinierte Bremsen sorgen f\u00fcr maximale Sicherheit und Kontrolle \u2013 unabh\u00e4ngig von Untergrund und Einsatzbedingungen. All diese technischen Merkmale, kombiniert mit einem Look in den offiziellen VENT\u2011Farben, wie er auch bei den Wettbewerbsmodellen zum Einsatz kommt, machen die BAJA 125 4T zu einem extrem leistungsf\u00e4higen Offroad\u2011Motorrad und gleichzeitig zu einem zuverl\u00e4ssigen Begleiter im Alltag. Ob sportlich \u00fcber unbefestigte Stra\u00dfen oder entspannt durch den Stadtverkehr \u2013 die BAJA 125 4T passt sich jeder Situation an. Das ideale Bike f\u00fcr alle, die schon mit 16 Jahren das Abenteuer suchen.<\/p>\n","protected":false},"excerpt":{"rendered":"<p>Die variable Ventilsteuerung sorgt im Allgemeinen f\u00fcr eine bessere und gleichm\u00e4\u00dfigere Leistungsentfaltung \u00fcber das gesamte Drehzahlband.<\/p>\n","protected":false},"featured_media":618144,"comment_status":"closed","ping_status":"open","template":"","meta":{"_acf_changed":false},"product_brand":[328],"product_cat":[155,290,333],"product_tag":[619],"class_list":{"0":"post-769002","1":"product","2":"type-product","3":"status-publish","4":"has-post-thumbnail","6":"product_brand-vent","7":"product_cat-zweirad","8":"product_cat-nm","9":"product_cat-vent","10":"product_tag-ventenduro","11":"pa_biketyp-enduro","12":"pa_hubraumklasse-51-bis-125","13":"pa_kw-klasse-0-bis-11","14":"pa_zustand-nm","16":"first","17":"instock","18":"sale","19":"product-type-simple"},"acf":[],"_links":{"self":[{"href":"https:\/\/www.test.ginzinger.bike\/index.php?rest_route=\/wp\/v2\/product\/769002","targetHints":{"allow":["GET"]}}],"collection":[{"href":"https:\/\/www.test.ginzinger.bike\/index.php?rest_route=\/wp\/v2\/product"}],"about":[{"href":"https:\/\/www.test.ginzinger.bike\/index.php?rest_route=\/wp\/v2\/types\/product"}],"replies":[{"embeddable":true,"href":"https:\/\/www.test.ginzinger.bike\/index.php?rest_route=%2Fwp%2Fv2%2Fcomments&post=769002"}],"wp:featuredmedia":[{"embeddable":true,"href":"https:\/\/www.test.ginzinger.bike\/index.php?rest_route=\/wp\/v2\/media\/618144"}],"wp:attachment":[{"href":"https:\/\/www.test.ginzinger.bike\/index.php?rest_route=%2Fwp%2Fv2%2Fmedia&parent=769002"}],"wp:term":[{"taxonomy":"product_brand","embeddable":true,"href":"https:\/\/www.test.ginzinger.bike\/index.php?rest_route=%2Fwp%2Fv2%2Fproduct_brand&post=769002"},{"taxonomy":"product_cat","embeddable":true,"href":"https:\/\/www.test.ginzinger.bike\/index.php?rest_route=%2Fwp%2Fv2%2Fproduct_cat&post=769002"},{"taxonomy":"product_tag","embeddable":true,"href":"https:\/\/www.test.ginzinger.bike\/index.php?rest_route=%2Fwp%2Fv2%2Fproduct_tag&post=769002"}],"curies":[{"name":"wp","href":"https:\/\/api.w.org\/{rel}","templated":true}]}}