{"id":769001,"date":"2026-02-23T13:32:29","date_gmt":"2026-02-23T12:32:29","guid":{"rendered":"https:\/\/www.test.ginzinger.bike\/?product=baja-rr-125-4t"},"modified":"2026-02-23T13:32:40","modified_gmt":"2026-02-23T12:32:40","slug":"baja-rr-125-4t","status":"publish","type":"product","link":"https:\/\/www.test.ginzinger.bike\/?product=baja-rr-125-4t","title":{"rendered":"BAJA RR 125 4T"},"content":{"rendered":"<p>Die 125er VENT ist das perfekte Motorrad f\u00fcr alle, die intensive Emotionen und kompromisslosen Fahrspa\u00df suchen. Der ultraleichte, zugleich extrem robuste und weiterentwickelte VENT\u20116.0\u2011Rahmen aus Aluminium bildet die Basis dieses reinrassigen Enduro\u2011Bikes. Das hochwertige Fahrwerk ist auf maximale Performance ausgelegt: Die hydraulische Upside\u2011Down\u2011Gabel mit 41\u2011mm\u2011R16V\u2011Standrohren, einstellbar in Vorspannung und Zugstufe, arbeitet perfekt mit dem hydraulischen Monofederbein zusammen, das in Vorspannung, Zug\u2011 und Druckstufe einstellbar ist. Der separate Gasbeh\u00e4lter sowie das HM\u2011Link\u20112.0\u2011Umlenksystem garantieren h\u00f6chste Traktion, Kontrolle und Stabilit\u00e4t \u2013 selbst auf extrem anspruchsvollem Terrain. Angetrieben wird die BAJA RR 125 vom temperamentvollen Minarelli\u2011125\u2011cm\u00b3\u2011Viertaktmotor mit Euro\u20115\u2011Homologation. Dieses brandneue Aggregat \u00fcberzeugt durch hohe Leistungsentfaltung, geringen Kraftstoffverbrauch und niedrige Emissionen, nicht zuletzt dank des raffinierten variablen Ventilsteuersystems. Auch die Bremsleistung setzt Ma\u00dfst\u00e4be: Die \u00fcberdimensionierte Bremsanlage mit einer 260\u2011mm\u2011Wave\u2011Scheibe vorne und schwimmend gelagertem Zweikolben\u2011Sattel sowie einer 220\u2011mm\u2011Wave\u2011Scheibe hinten sorgt in Kombination mit den \u00fcberdimensionierten BCA\u2011Hauptbremszylindern f\u00fcr jederzeit kraftvolle und pr\u00e4zise Verz\u00f6gerung. Erg\u00e4nzt wird das Sicherheitskonzept durch das CBS\u2011System f\u00fcr kombiniertes Bremsen und die neue Anti\u2011Hopping\u2011Kupplung, die maximale Kontrolle beim Verz\u00f6gern gew\u00e4hrleistet. Abgerundet wird die Ausstattung durch den 28\u2011mm\u2011Lenker im edlen Black Finish mit speziellen Lenkerklemmen, der den sportlichen Anspruch zus\u00e4tzlich unterstreicht. Die BAJA RR 125 ist damit die ideale Wahl f\u00fcr unbefestigte Stra\u00dfen und anspruchsvolles Gel\u00e4nde, \u00fcberzeugt aber ebenso im t\u00e4glichen Einsatz in der Stadt \u2013 ein echtes High\u2011Performance\u2011Enduro\u2011Bike ohne Kompromisse.<\/p>\n","protected":false},"excerpt":{"rendered":"<p>Die variable Ventilsteuerung sorgt im Allgemeinen f\u00fcr eine bessere und gleichm\u00e4\u00dfigere Leistungsentfaltung \u00fcber das gesamte Drehzahlband.<\/p>\n","protected":false},"featured_media":618174,"comment_status":"closed","ping_status":"open","template":"","meta":{"_acf_changed":false},"product_brand":[328],"product_cat":[290,333,155],"product_tag":[619],"class_list":{"0":"post-769001","1":"product","2":"type-product","3":"status-publish","4":"has-post-thumbnail","6":"product_brand-vent","7":"product_cat-nm","8":"product_cat-vent","9":"product_cat-zweirad","10":"product_tag-ventenduro","11":"pa_biketyp-enduro","12":"pa_hubraumklasse-51-bis-125","13":"pa_kw-klasse-0-bis-11","14":"pa_zustand-nm","16":"first","17":"instock","18":"sale","19":"product-type-simple"},"acf":[],"_links":{"self":[{"href":"https:\/\/www.test.ginzinger.bike\/index.php?rest_route=\/wp\/v2\/product\/769001","targetHints":{"allow":["GET"]}}],"collection":[{"href":"https:\/\/www.test.ginzinger.bike\/index.php?rest_route=\/wp\/v2\/product"}],"about":[{"href":"https:\/\/www.test.ginzinger.bike\/index.php?rest_route=\/wp\/v2\/types\/product"}],"replies":[{"embeddable":true,"href":"https:\/\/www.test.ginzinger.bike\/index.php?rest_route=%2Fwp%2Fv2%2Fcomments&post=769001"}],"wp:featuredmedia":[{"embeddable":true,"href":"https:\/\/www.test.ginzinger.bike\/index.php?rest_route=\/wp\/v2\/media\/618174"}],"wp:attachment":[{"href":"https:\/\/www.test.ginzinger.bike\/index.php?rest_route=%2Fwp%2Fv2%2Fmedia&parent=769001"}],"wp:term":[{"taxonomy":"product_brand","embeddable":true,"href":"https:\/\/www.test.ginzinger.bike\/index.php?rest_route=%2Fwp%2Fv2%2Fproduct_brand&post=769001"},{"taxonomy":"product_cat","embeddable":true,"href":"https:\/\/www.test.ginzinger.bike\/index.php?rest_route=%2Fwp%2Fv2%2Fproduct_cat&post=769001"},{"taxonomy":"product_tag","embeddable":true,"href":"https:\/\/www.test.ginzinger.bike\/index.php?rest_route=%2Fwp%2Fv2%2Fproduct_tag&post=769001"}],"curies":[{"name":"wp","href":"https:\/\/api.w.org\/{rel}","templated":true}]}}