{"id":768998,"date":"2026-02-23T13:32:29","date_gmt":"2026-02-23T12:32:29","guid":{"rendered":"https:\/\/www.test.ginzinger.bike\/?product=baja-50"},"modified":"2026-02-23T13:32:35","modified_gmt":"2026-02-23T12:32:35","slug":"baja-50","status":"publish","type":"product","link":"https:\/\/www.test.ginzinger.bike\/?product=baja-50","title":{"rendered":"BAJA 50"},"content":{"rendered":"<p>Die BAJA 50 ist das Ergebnis langj\u00e4hriger Erfahrung und echter Leidenschaft f\u00fcr den Offroad\u2011Sport. Das Resultat ist ein Motorrad, das intuitiv zu fahren, f\u00fcr jeden zug\u00e4nglich und gleichzeitig unaufhaltsam ist. Als echte Enduro meistert die BAJA 50 sowohl den t\u00e4glichen Verkehr auf dem sicheren Schulweg als auch jede Herausforderung abseits der Stra\u00dfe in der Freizeit. Vielseitigkeit und Fahrspa\u00df stehen dabei stets im Mittelpunkt. Der authentische Rennsport\u2011Look entsteht durch die Farben des offiziellen VENT\u2011Teams, das an den italienischen und europ\u00e4ischen Enduro\u2011Meisterschaften teilnimmt, sowie durch eine hochwertige technische Ausstattung, wie man sie sonst aus h\u00f6heren Hubraumklassen kennt. Angetrieben wird die BAJA 50 vom zuverl\u00e4ssigen und drehfreudigen Minarelli\u201150\u2011cm\u00b3\u2011Zweitaktmotor der neuesten Generation. Der robuste Rahmen in Kombination mit der 41\u2011mm\u2011Upside\u2011Down\u2011Gabel und der leistungsstarken Bremsanlage sorgen f\u00fcr Kontrolle, Stabilit\u00e4t und Sicherheit in jeder Situation. So wird die BAJA 50 zum Referenzmotorrad ihrer Kategorie: zuverl\u00e4ssig, unterhaltsam und jederzeit einsatzbereit \u2013 ganz gleich, ob auf der Stra\u00dfe oder im Gel\u00e4nde. Ein Bike, das dich bei allen Fahrbedingungen nicht im Stich l\u00e4sst und jede Fahrt zu einem Erlebnis macht.<\/p>\n","protected":false},"excerpt":{"rendered":"<p>Die Baja-Serie ist konsequent f\u00fcr das Gel\u00e4nde konzipiert und rollt klassisch auf einem 21-Zoll-Vorderrad und einem 18-Zoll-Hinterrad<\/p>\n","protected":false},"featured_media":618084,"comment_status":"closed","ping_status":"open","template":"","meta":{"_acf_changed":false},"product_brand":[328],"product_cat":[290,333,155],"product_tag":[619],"class_list":{"0":"post-768998","1":"product","2":"type-product","3":"status-publish","4":"has-post-thumbnail","6":"product_brand-vent","7":"product_cat-nm","8":"product_cat-vent","9":"product_cat-zweirad","10":"product_tag-ventenduro","11":"pa_biketyp-enduro","12":"pa_hubraumklasse-0-bis-50","13":"pa_kw-klasse-0-bis-11","14":"pa_zustand-nm","16":"first","17":"instock","18":"sale","19":"product-type-simple"},"acf":[],"_links":{"self":[{"href":"https:\/\/www.test.ginzinger.bike\/index.php?rest_route=\/wp\/v2\/product\/768998","targetHints":{"allow":["GET"]}}],"collection":[{"href":"https:\/\/www.test.ginzinger.bike\/index.php?rest_route=\/wp\/v2\/product"}],"about":[{"href":"https:\/\/www.test.ginzinger.bike\/index.php?rest_route=\/wp\/v2\/types\/product"}],"replies":[{"embeddable":true,"href":"https:\/\/www.test.ginzinger.bike\/index.php?rest_route=%2Fwp%2Fv2%2Fcomments&post=768998"}],"wp:featuredmedia":[{"embeddable":true,"href":"https:\/\/www.test.ginzinger.bike\/index.php?rest_route=\/wp\/v2\/media\/618084"}],"wp:attachment":[{"href":"https:\/\/www.test.ginzinger.bike\/index.php?rest_route=%2Fwp%2Fv2%2Fmedia&parent=768998"}],"wp:term":[{"taxonomy":"product_brand","embeddable":true,"href":"https:\/\/www.test.ginzinger.bike\/index.php?rest_route=%2Fwp%2Fv2%2Fproduct_brand&post=768998"},{"taxonomy":"product_cat","embeddable":true,"href":"https:\/\/www.test.ginzinger.bike\/index.php?rest_route=%2Fwp%2Fv2%2Fproduct_cat&post=768998"},{"taxonomy":"product_tag","embeddable":true,"href":"https:\/\/www.test.ginzinger.bike\/index.php?rest_route=%2Fwp%2Fv2%2Fproduct_tag&post=768998"}],"curies":[{"name":"wp","href":"https:\/\/api.w.org\/{rel}","templated":true}]}}