{"id":768997,"date":"2026-02-23T13:32:29","date_gmt":"2026-02-23T12:32:29","guid":{"rendered":"https:\/\/www.test.ginzinger.bike\/?product=derapage-125-4t"},"modified":"2026-02-23T13:32:34","modified_gmt":"2026-02-23T12:32:34","slug":"derapage-125-4t","status":"publish","type":"product","link":"https:\/\/www.test.ginzinger.bike\/?product=derapage-125-4t","title":{"rendered":"DERAPAGE 125 4T"},"content":{"rendered":"<p>Das neue DERAPAGE 125 4T von VENT steht f\u00fcr Modernit\u00e4t, Zuverl\u00e4ssigkeit und \u00fcberzeugende Leistung. Die Euro\u20115\u2011homologierte Version ist mit dem neuen Minarelli\u2011125\u2011cm\u00b3\u2011Viertaktmotor mit variabler Ventilsteuerung ausgestattet. Dieses moderne Aggregat \u00fcberzeugt durch niedrigen Kraftstoffverbrauch und reduzierte Emissionen, bietet gleichzeitig aber kraftvolle Performance und hohe Effizienz im Alltag. Ein besonderes Highlight ist die Anti\u2011Hopping\u2011Kupplung, die jederzeit pr\u00e4zises Verz\u00f6gern erm\u00f6glicht und ein Blockieren des Hinterrads zuverl\u00e4ssig verhindert \u2013 f\u00fcr mehr Kontrolle und Sicherheit in jeder Fahrsituation. Auch die Bremsanlage wurde umfassend \u00fcberarbeitet: Vorne sorgt eine 290\u2011mm\u2011Wave\u2011Scheibe mit Zweikolben\u2011Schwimmsattel, hinten eine 220\u2011mm\u2011Wave\u2011Scheibe f\u00fcr starke und gut dosierbare Bremsleistung. In Kombination mit dem neuen CBS\u2011Bremssystem mit kombinierter Wirkung wird die DERAPAGE 125 4T zu einem besonders sicheren und vertrauenerweckenden Motorrad. Optisch unterstreichen der markante Doppelschalld\u00e4mpfer im Black Finish sowie die exklusive Grafik in den charakteristischen VENT\u2011Farben den sportlichen und modernen Auftritt. Die DERAPAGE 125 4T ist ein Motorrad, das unter allen Bedingungen begeistert \u2013 auf dem Weg von der Schule zur Arbeit ebenso wie in der Freizeit. Ein Bike, das Fahrspa\u00df garantiert und einzigartige Emotionen erlebbar macht.<\/p>\n","protected":false},"excerpt":{"rendered":"<p>Als Stra\u00dfen-Pendant zur Baja-Serie zielt die Derapage auf puren Fahrspa\u00df auf Asphalt ab und ist mit 17-Zoll-Stra\u00dfenreifen ausgestattet<\/p>\n","protected":false},"featured_media":618044,"comment_status":"closed","ping_status":"open","template":"","meta":{"_acf_changed":false},"product_brand":[328],"product_cat":[290,333,155],"product_tag":[618],"class_list":{"0":"post-768997","1":"product","2":"type-product","3":"status-publish","4":"has-post-thumbnail","6":"product_brand-vent","7":"product_cat-nm","8":"product_cat-vent","9":"product_cat-zweirad","10":"product_tag-ventsupermoto","11":"pa_biketyp-supermoto","12":"pa_hubraumklasse-51-bis-125","13":"pa_kw-klasse-0-bis-11","14":"pa_zustand-nm","16":"first","17":"instock","18":"sale","19":"product-type-simple"},"acf":[],"_links":{"self":[{"href":"https:\/\/www.test.ginzinger.bike\/index.php?rest_route=\/wp\/v2\/product\/768997","targetHints":{"allow":["GET"]}}],"collection":[{"href":"https:\/\/www.test.ginzinger.bike\/index.php?rest_route=\/wp\/v2\/product"}],"about":[{"href":"https:\/\/www.test.ginzinger.bike\/index.php?rest_route=\/wp\/v2\/types\/product"}],"replies":[{"embeddable":true,"href":"https:\/\/www.test.ginzinger.bike\/index.php?rest_route=%2Fwp%2Fv2%2Fcomments&post=768997"}],"wp:featuredmedia":[{"embeddable":true,"href":"https:\/\/www.test.ginzinger.bike\/index.php?rest_route=\/wp\/v2\/media\/618044"}],"wp:attachment":[{"href":"https:\/\/www.test.ginzinger.bike\/index.php?rest_route=%2Fwp%2Fv2%2Fmedia&parent=768997"}],"wp:term":[{"taxonomy":"product_brand","embeddable":true,"href":"https:\/\/www.test.ginzinger.bike\/index.php?rest_route=%2Fwp%2Fv2%2Fproduct_brand&post=768997"},{"taxonomy":"product_cat","embeddable":true,"href":"https:\/\/www.test.ginzinger.bike\/index.php?rest_route=%2Fwp%2Fv2%2Fproduct_cat&post=768997"},{"taxonomy":"product_tag","embeddable":true,"href":"https:\/\/www.test.ginzinger.bike\/index.php?rest_route=%2Fwp%2Fv2%2Fproduct_tag&post=768997"}],"curies":[{"name":"wp","href":"https:\/\/api.w.org\/{rel}","templated":true}]}}