{"id":768992,"date":"2026-02-23T13:32:29","date_gmt":"2026-02-23T12:32:29","guid":{"rendered":"https:\/\/www.test.ginzinger.bike\/?product=derapage-rr-125-4t"},"modified":"2026-02-23T13:32:33","modified_gmt":"2026-02-23T12:32:33","slug":"derapage-rr-125-4t","status":"publish","type":"product","link":"https:\/\/www.test.ginzinger.bike\/?product=derapage-rr-125-4t","title":{"rendered":"DERAPAGE RR 125 4T"},"content":{"rendered":"<p>Die neue DERAPAGE RR 125 ist ein hochmodernes, technisch anspruchsvolles und kompromisslos leistungsorientiertes Motorrad \u2013 kurz gesagt: ein echtes Exklusivmodell. Herzst\u00fcck dieses Modells ist der brandneue Minarelli 125\u2011cm\u00b3\u2011Viertaktmotor mit Euro\u20115\u2011Homologation. Das brillante und extrem zuverl\u00e4ssige Aggregat ist mit einem variablen Ventilsteuersystem ausgestattet und sorgt f\u00fcr eine kraftvolle, gleichzeitig kontrollierbare Leistungsentfaltung. Das Fahrwerk unterstreicht den Premium-Anspruch der RR-Version: Der VENT\u20116.0\u2011Doppelschleifenrahmen mit zerlegbarem Hinterbau sowie die Aluminium-Schwinge bieten maximale Stabilit\u00e4t bei geringem Gewicht. Erg\u00e4nzt wird dies durch eine hydraulische 41\u2011mm-Upside\u2011Down-Gabel mit R16V-Standrohren sowie ein hydraulisches Monofederbein mit HM-Umlenkung, das in Vorspannung und Zugstufe einstellbar ist \u2013 exklusive Ausstattungsmerkmale der RR\u2011Version. F\u00fcr h\u00f6chste Sicherheit sorgt das neue, leistungsstarke BCA-Bremssystem, unterst\u00fctzt durch ein CBS-Bremskraftverteilungssystem, w\u00e4hrend die Anti\u2011Hopping\u2011Kupplung ein stabiles und kontrolliertes Fahrverhalten auch bei sportlicher Gangart garantiert. So pr\u00e4sentiert sich die DERAPAGE RR 125 als Motorrad der Spitzenklasse: leicht zu handhaben, souver\u00e4n auf der Stra\u00dfe und bereit, unvergessliche Fahrerlebnisse zu schaffen. Abgerundet wird die Serienausstattung durch den markanten Doppelschalld\u00e4mpfer sowie den edlen 28\u2011mm-Lenker in Black Finish mit speziellen Lenkerklemmen.<\/p>\n","protected":false},"excerpt":{"rendered":"<p>Als Stra\u00dfen-Pendant zur Baja-Serie zielt die Derapage auf puren Fahrspa\u00df auf Asphalt ab und ist mit 17-Zoll-Stra\u00dfenreifen ausgestattet<\/p>\n","protected":false},"featured_media":618033,"comment_status":"closed","ping_status":"open","template":"","meta":{"_acf_changed":false},"product_brand":[328],"product_cat":[290,333,155],"product_tag":[618],"class_list":{"0":"post-768992","1":"product","2":"type-product","3":"status-publish","4":"has-post-thumbnail","6":"product_brand-vent","7":"product_cat-nm","8":"product_cat-vent","9":"product_cat-zweirad","10":"product_tag-ventsupermoto","11":"pa_biketyp-supermoto","12":"pa_hubraumklasse-51-bis-125","13":"pa_kw-klasse-0-bis-11","14":"pa_zustand-nm","16":"first","17":"instock","18":"sale","19":"product-type-simple"},"acf":[],"_links":{"self":[{"href":"https:\/\/www.test.ginzinger.bike\/index.php?rest_route=\/wp\/v2\/product\/768992","targetHints":{"allow":["GET"]}}],"collection":[{"href":"https:\/\/www.test.ginzinger.bike\/index.php?rest_route=\/wp\/v2\/product"}],"about":[{"href":"https:\/\/www.test.ginzinger.bike\/index.php?rest_route=\/wp\/v2\/types\/product"}],"replies":[{"embeddable":true,"href":"https:\/\/www.test.ginzinger.bike\/index.php?rest_route=%2Fwp%2Fv2%2Fcomments&post=768992"}],"wp:featuredmedia":[{"embeddable":true,"href":"https:\/\/www.test.ginzinger.bike\/index.php?rest_route=\/wp\/v2\/media\/618033"}],"wp:attachment":[{"href":"https:\/\/www.test.ginzinger.bike\/index.php?rest_route=%2Fwp%2Fv2%2Fmedia&parent=768992"}],"wp:term":[{"taxonomy":"product_brand","embeddable":true,"href":"https:\/\/www.test.ginzinger.bike\/index.php?rest_route=%2Fwp%2Fv2%2Fproduct_brand&post=768992"},{"taxonomy":"product_cat","embeddable":true,"href":"https:\/\/www.test.ginzinger.bike\/index.php?rest_route=%2Fwp%2Fv2%2Fproduct_cat&post=768992"},{"taxonomy":"product_tag","embeddable":true,"href":"https:\/\/www.test.ginzinger.bike\/index.php?rest_route=%2Fwp%2Fv2%2Fproduct_tag&post=768992"}],"curies":[{"name":"wp","href":"https:\/\/api.w.org\/{rel}","templated":true}]}}