{"id":768990,"date":"2026-02-23T13:32:29","date_gmt":"2026-02-23T12:32:29","guid":{"rendered":"https:\/\/www.test.ginzinger.bike\/?product=derapage-50"},"modified":"2026-02-23T13:32:31","modified_gmt":"2026-02-23T12:32:31","slug":"derapage-50","status":"publish","type":"product","link":"https:\/\/www.test.ginzinger.bike\/?product=derapage-50","title":{"rendered":"DERAPAGE 50"},"content":{"rendered":"<p>Die erste Erfahrung mit dem Motorrad bleibt f\u00fcr immer unvergessen. Die DERAPAGE 50 ist die Motard f\u00fcr alle, die sich souver\u00e4n dem t\u00e4glichen Verkehr stellen m\u00f6chten \u2013 ob auf dem sicheren Weg zur Schule oder beim Spa\u00dfhaben mit Freunden. Und das ganz ohne Verzicht auf echten Rennsport\u2011Style. Dank der Replica-Grafik des VENT-Teams, das an der nationalen Motard-Meisterschaft teilnimmt, sowie einer hochwertigen technischen Ausstattung, wie man sie sonst nur aus h\u00f6heren Hubraumklassen kennt, \u00fcberzeugt die DERAPAGE 50 auf ganzer Linie. Angetrieben wird sie vom spritzigen Minarelli 50\u2011cm\u00b3\u2011Zweitaktmotor der neuesten Generation. In Kombination mit dem robusten Perimeter-Rahmen, der 41\u2011mm-Upside\u2011Down-Gabel und der leistungsstarken Bremsanlage mit 290\u2011mm-Scheiben setzt die DERAPAGE 50 Ma\u00dfst\u00e4be. Das Ergebnis: ein Referenzmotorrad in ihrer Klasse \u2013 stark in der Leistung, zuverl\u00e4ssig im Alltag und kompromisslos in Sachen Sicherheit.<\/p>\n","protected":false},"excerpt":{"rendered":"<p>Supermoto (On-Road)<\/p>\n","protected":false},"featured_media":617982,"comment_status":"closed","ping_status":"open","template":"","meta":{"_acf_changed":false},"product_brand":[328],"product_cat":[290,333,155],"product_tag":[618],"class_list":{"0":"post-768990","1":"product","2":"type-product","3":"status-publish","4":"has-post-thumbnail","6":"product_brand-vent","7":"product_cat-nm","8":"product_cat-vent","9":"product_cat-zweirad","10":"product_tag-ventsupermoto","11":"pa_biketyp-supermoto","12":"pa_hubraumklasse-0-bis-50","13":"pa_kw-klasse-0-bis-11","14":"pa_zustand-nm","16":"first","17":"instock","18":"sale","19":"product-type-simple"},"acf":[],"_links":{"self":[{"href":"https:\/\/www.test.ginzinger.bike\/index.php?rest_route=\/wp\/v2\/product\/768990","targetHints":{"allow":["GET"]}}],"collection":[{"href":"https:\/\/www.test.ginzinger.bike\/index.php?rest_route=\/wp\/v2\/product"}],"about":[{"href":"https:\/\/www.test.ginzinger.bike\/index.php?rest_route=\/wp\/v2\/types\/product"}],"replies":[{"embeddable":true,"href":"https:\/\/www.test.ginzinger.bike\/index.php?rest_route=%2Fwp%2Fv2%2Fcomments&post=768990"}],"wp:featuredmedia":[{"embeddable":true,"href":"https:\/\/www.test.ginzinger.bike\/index.php?rest_route=\/wp\/v2\/media\/617982"}],"wp:attachment":[{"href":"https:\/\/www.test.ginzinger.bike\/index.php?rest_route=%2Fwp%2Fv2%2Fmedia&parent=768990"}],"wp:term":[{"taxonomy":"product_brand","embeddable":true,"href":"https:\/\/www.test.ginzinger.bike\/index.php?rest_route=%2Fwp%2Fv2%2Fproduct_brand&post=768990"},{"taxonomy":"product_cat","embeddable":true,"href":"https:\/\/www.test.ginzinger.bike\/index.php?rest_route=%2Fwp%2Fv2%2Fproduct_cat&post=768990"},{"taxonomy":"product_tag","embeddable":true,"href":"https:\/\/www.test.ginzinger.bike\/index.php?rest_route=%2Fwp%2Fv2%2Fproduct_tag&post=768990"}],"curies":[{"name":"wp","href":"https:\/\/api.w.org\/{rel}","templated":true}]}}