{"id":768072,"date":"2026-04-14T19:01:22","date_gmt":"2026-04-14T18:01:22","guid":{"rendered":"https:\/\/www.test.ginzinger.bike\/?product=ried-innkr-sym-maxsym-400i-3467014"},"modified":"2026-04-14T19:01:22","modified_gmt":"2026-04-14T18:01:22","slug":"ried-innkr-sym-maxsym-400i-3467014","status":"publish","type":"product","link":"https:\/\/www.test.ginzinger.bike\/?product=ried-innkr-sym-maxsym-400i-3467014","title":{"rendered":"MaxSym 400i"},"content":{"rendered":"<p>Windschild mit nur einem Handgriff verstellbar,<br \/>Traktionskontrolle,<br \/>Automatische Parkbremse &#8211; wenn der Seitenst\u00e4nder nach unten gegeben wird,<br \/>Keyless System (zwei St\u00fcck)<\/p>\n<p>Gerne begr\u00fc\u00dfen wir Sie in unserer Rieder Niederlassung w\u00e4hrend unserer \u00d6ffnungszeiten:<br \/>MONTAG GESCHLOSSEN!<br \/>Di. &#8211; Fr. 08:00 &#8211; 12:00 Uhr und 13:30 &#8211; 18:00 Uhr,<br \/>Samstag 9:00 &#8211; 12:00 Uhr,<br \/>Nicht jedes inserierte Fahrzeug ist lagernd wir bitte um eine Anfrage zur Verf\u00fcgbarkeit,<br \/>F\u00fcr eine Probefahrt bitten wir sie um Terminvereinbarung,<br \/>Finanzierungen mit und auch ohne Anzahlung \/ auch Drittelfinanzierung m\u00f6glich,<br \/>Inzahlungnahme gebrauchter Motorr\u00e4der, Roller und auch Mopeds,<br \/>Angebot g\u00fcltig vorbehaltlich Irrt\u00fcmer und zwischenzeitlichen Verkaufes,<br \/>Tel: 07752 \/ 85801- DW 118 oder DW 119,<br \/>Mail: ried@ginzinger.at oder ried.vk@ginzinger.at<br \/>Ginzinger GmbH \/ Frankenburger Stra\u00dfe 19 \/ 4910 Ried im Innkreis,<\/p>\n","protected":false},"excerpt":{"rendered":"<p>GM : 2025 :<\/p>\n","protected":false},"featured_media":768073,"comment_status":"closed","ping_status":"open","template":"","meta":{"_acf_changed":false},"product_brand":[562],"product_cat":[607,563,155],"product_tag":[220,357,505],"class_list":{"0":"post-768072","1":"product","2":"type-product","3":"status-publish","4":"has-post-thumbnail","6":"product_brand-sym","7":"product_cat-gebrauchte","8":"product_cat-sym","9":"product_cat-zweirad","10":"product_tag-ried-innkr","11":"product_tag-roller","12":"product_tag-sym","13":"pa_biketyp-roller","14":"pa_hubraumklasse-126-bis-500","15":"pa_kw-klasse-12-bis-35","16":"pa_zustand-gm","18":"first","19":"instock","20":"product-type-simple"},"acf":[],"_links":{"self":[{"href":"https:\/\/www.test.ginzinger.bike\/index.php?rest_route=\/wp\/v2\/product\/768072","targetHints":{"allow":["GET"]}}],"collection":[{"href":"https:\/\/www.test.ginzinger.bike\/index.php?rest_route=\/wp\/v2\/product"}],"about":[{"href":"https:\/\/www.test.ginzinger.bike\/index.php?rest_route=\/wp\/v2\/types\/product"}],"replies":[{"embeddable":true,"href":"https:\/\/www.test.ginzinger.bike\/index.php?rest_route=%2Fwp%2Fv2%2Fcomments&post=768072"}],"wp:featuredmedia":[{"embeddable":true,"href":"https:\/\/www.test.ginzinger.bike\/index.php?rest_route=\/wp\/v2\/media\/768073"}],"wp:attachment":[{"href":"https:\/\/www.test.ginzinger.bike\/index.php?rest_route=%2Fwp%2Fv2%2Fmedia&parent=768072"}],"wp:term":[{"taxonomy":"product_brand","embeddable":true,"href":"https:\/\/www.test.ginzinger.bike\/index.php?rest_route=%2Fwp%2Fv2%2Fproduct_brand&post=768072"},{"taxonomy":"product_cat","embeddable":true,"href":"https:\/\/www.test.ginzinger.bike\/index.php?rest_route=%2Fwp%2Fv2%2Fproduct_cat&post=768072"},{"taxonomy":"product_tag","embeddable":true,"href":"https:\/\/www.test.ginzinger.bike\/index.php?rest_route=%2Fwp%2Fv2%2Fproduct_tag&post=768072"}],"curies":[{"name":"wp","href":"https:\/\/api.w.org\/{rel}","templated":true}]}}