{"id":767126,"date":"2026-04-14T19:01:15","date_gmt":"2026-04-14T18:01:15","guid":{"rendered":"https:\/\/www.test.ginzinger.bike\/?product=ried-innkr-aprilia-tuono-125-3466894"},"modified":"2026-04-14T19:01:15","modified_gmt":"2026-04-14T18:01:15","slug":"ried-innkr-aprilia-tuono-125-3466894","status":"publish","type":"product","link":"https:\/\/www.test.ginzinger.bike\/?product=ried-innkr-aprilia-tuono-125-3466894","title":{"rendered":"Tuono 125"},"content":{"rendered":"<p>Vorf\u00fchrmotorrad, noch ohne Erstmalige Zulassung (wurde nur mit Blauen Kennzeichen gefahren),<br \/>Bei Fragen wenden sie sich gerne an unser Team.<br \/>Gerne begr\u00fc\u00dfen wir Sie in unserer Rieder Niederlassung w\u00e4hrend unserer \u00d6ffnungszeiten:<br \/>MONTAG GESCHLOSSEN!<br \/>Di. &#8211; Fr. 08:00 &#8211; 12:00 Uhr und 13:30 &#8211; 18:00 Uhr,<br \/>Samstag 9:00 &#8211; 12:00 Uhr,<br \/>Nicht jedes inserierte Fahrzeug ist lagernd wir bitte um eine Anfrage zur Verf\u00fcgbarkeit,<br \/>F\u00fcr eine Probefahrt bitten wir sie um Terminvereinbarung,<br \/>Finanzierungen mit und auch ohne Anzahlung \/ auch Drittelfinanzierung m\u00f6glich,<br \/>Inzahlungnahme gebrauchter Motorr\u00e4der, Roller und auch Mopeds,<br \/>Angebot g\u00fcltig vorbehaltlich Irrt\u00fcmer und zwischenzeitlichen Verkaufes,<br \/>Tel: 07752 \/ 85801- DW 118 oder DW 119,<br \/>Mail: ried@ginzinger.at oder ried.vk@ginzinger.at<br \/>Ginzinger GmbH \/ Frankenburger Stra\u00dfe 19 \/ 4910 Ried im Innkreis,<\/p>\n","protected":false},"excerpt":{"rendered":"<p>GM : 2025 :<\/p>\n","protected":false},"featured_media":767127,"comment_status":"closed","ping_status":"open","template":"","meta":{"_acf_changed":false},"product_brand":[212],"product_cat":[221,607,155],"product_tag":[214,592,220],"class_list":{"0":"post-767126","1":"product","2":"type-product","3":"status-publish","4":"has-post-thumbnail","6":"product_brand-aprilia","7":"product_cat-aprilia","8":"product_cat-gebrauchte","9":"product_cat-zweirad","10":"product_tag-aprilia","11":"product_tag-naked-bike","12":"product_tag-ried-innkr","13":"pa_biketyp-naked-bike","14":"pa_hubraumklasse-51-bis-125","15":"pa_kw-klasse-0-bis-11","16":"pa_zustand-gm","18":"first","19":"instock","20":"product-type-simple"},"acf":[],"_links":{"self":[{"href":"https:\/\/www.test.ginzinger.bike\/index.php?rest_route=\/wp\/v2\/product\/767126","targetHints":{"allow":["GET"]}}],"collection":[{"href":"https:\/\/www.test.ginzinger.bike\/index.php?rest_route=\/wp\/v2\/product"}],"about":[{"href":"https:\/\/www.test.ginzinger.bike\/index.php?rest_route=\/wp\/v2\/types\/product"}],"replies":[{"embeddable":true,"href":"https:\/\/www.test.ginzinger.bike\/index.php?rest_route=%2Fwp%2Fv2%2Fcomments&post=767126"}],"wp:featuredmedia":[{"embeddable":true,"href":"https:\/\/www.test.ginzinger.bike\/index.php?rest_route=\/wp\/v2\/media\/767127"}],"wp:attachment":[{"href":"https:\/\/www.test.ginzinger.bike\/index.php?rest_route=%2Fwp%2Fv2%2Fmedia&parent=767126"}],"wp:term":[{"taxonomy":"product_brand","embeddable":true,"href":"https:\/\/www.test.ginzinger.bike\/index.php?rest_route=%2Fwp%2Fv2%2Fproduct_brand&post=767126"},{"taxonomy":"product_cat","embeddable":true,"href":"https:\/\/www.test.ginzinger.bike\/index.php?rest_route=%2Fwp%2Fv2%2Fproduct_cat&post=767126"},{"taxonomy":"product_tag","embeddable":true,"href":"https:\/\/www.test.ginzinger.bike\/index.php?rest_route=%2Fwp%2Fv2%2Fproduct_tag&post=767126"}],"curies":[{"name":"wp","href":"https:\/\/api.w.org\/{rel}","templated":true}]}}