{"id":766820,"date":"2026-04-14T12:01:45","date_gmt":"2026-04-14T11:01:45","guid":{"rendered":"https:\/\/www.test.ginzinger.bike\/?product=ried-innkr-sym-fiddle-50i-3466864"},"modified":"2026-04-14T12:01:45","modified_gmt":"2026-04-14T11:01:45","slug":"ried-innkr-sym-fiddle-50i-3466864","status":"publish","type":"product","link":"https:\/\/www.test.ginzinger.bike\/?product=ried-innkr-sym-fiddle-50i-3466864","title":{"rendered":"Fiddle 50i"},"content":{"rendered":"<p>SYM Fiddle 50,<br \/>4 Takt Roller mit Benzineinspritzung und LED Scheinwerfer,<br \/>Zu fahren mit dem F\u00fchrerschein B oder M,<br \/>NEUFAHRZEUG ohne Zulassung,<br \/>Verf\u00fcgbar in den Farben: SCHWARZ \/ BLAU \/ GRAU,<br \/>,<br \/>Gerne begr\u00fc\u00dfen wir Sie in unserer Rieder Niederlassung w\u00e4hrend unserer \u00d6ffnungszeiten:<br \/>MONTAG GESCHLOSSEN!<br \/>Di. &#8211; Fr. 08:00 &#8211; 12:00 Uhr und 13:30 &#8211; 18:00 Uhr,<br \/>Samstag 9:00 &#8211; 12:00 Uhr,<br \/>Nicht jedes inserierte Fahrzeug ist lagernd wir bitte um eine Anfrage zur Verf\u00fcgbarkeit,<br \/>F\u00fcr eine Probefahrt bitten wir sie um Terminvereinbarung,<br \/>Finanzierungen mit und auch ohne Anzahlung \/ auch Drittelfinanzierung m\u00f6glich,<br \/>Inzahlungnahme gebrauchter Motorr\u00e4der, Roller und auch Mopeds,<br \/>Angebot g\u00fcltig vorbehaltlich Irrt\u00fcmer und zwischenzeitlichen Verkaufes,<br \/>Tel: 07752 \/ 85801- DW 118 oder DW 119,<br \/>Mail: ried@ginzinger.at oder ried.vk@ginzinger.at<br \/>Ginzinger GmbH \/ Frankenburger Stra\u00dfe 19 \/ 4910 Ried im Innkreis,<br \/>#Roller #Scooter #Moped #Retro<\/p>\n","protected":false},"excerpt":{"rendered":"<p>GM : 2023 :<\/p>\n","protected":false},"featured_media":766821,"comment_status":"closed","ping_status":"open","template":"","meta":{"_acf_changed":false},"product_brand":[562],"product_cat":[607,563,155],"product_tag":[220,357,505],"class_list":{"0":"post-766820","1":"product","2":"type-product","3":"status-publish","4":"has-post-thumbnail","6":"product_brand-sym","7":"product_cat-gebrauchte","8":"product_cat-sym","9":"product_cat-zweirad","10":"product_tag-ried-innkr","11":"product_tag-roller","12":"product_tag-sym","13":"pa_biketyp-roller","14":"pa_hubraumklasse-0-bis-50","15":"pa_kw-klasse-0-bis-11","16":"pa_zustand-gm","18":"first","19":"instock","20":"product-type-simple"},"acf":[],"_links":{"self":[{"href":"https:\/\/www.test.ginzinger.bike\/index.php?rest_route=\/wp\/v2\/product\/766820","targetHints":{"allow":["GET"]}}],"collection":[{"href":"https:\/\/www.test.ginzinger.bike\/index.php?rest_route=\/wp\/v2\/product"}],"about":[{"href":"https:\/\/www.test.ginzinger.bike\/index.php?rest_route=\/wp\/v2\/types\/product"}],"replies":[{"embeddable":true,"href":"https:\/\/www.test.ginzinger.bike\/index.php?rest_route=%2Fwp%2Fv2%2Fcomments&post=766820"}],"wp:featuredmedia":[{"embeddable":true,"href":"https:\/\/www.test.ginzinger.bike\/index.php?rest_route=\/wp\/v2\/media\/766821"}],"wp:attachment":[{"href":"https:\/\/www.test.ginzinger.bike\/index.php?rest_route=%2Fwp%2Fv2%2Fmedia&parent=766820"}],"wp:term":[{"taxonomy":"product_brand","embeddable":true,"href":"https:\/\/www.test.ginzinger.bike\/index.php?rest_route=%2Fwp%2Fv2%2Fproduct_brand&post=766820"},{"taxonomy":"product_cat","embeddable":true,"href":"https:\/\/www.test.ginzinger.bike\/index.php?rest_route=%2Fwp%2Fv2%2Fproduct_cat&post=766820"},{"taxonomy":"product_tag","embeddable":true,"href":"https:\/\/www.test.ginzinger.bike\/index.php?rest_route=%2Fwp%2Fv2%2Fproduct_tag&post=766820"}],"curies":[{"name":"wp","href":"https:\/\/api.w.org\/{rel}","templated":true}]}}