{"id":766748,"date":"2026-04-18T03:30:39","date_gmt":"2026-04-18T02:30:39","guid":{"rendered":"https:\/\/www.test.ginzinger.bike\/?product=ried-innkr-aprilia-rsv4-1100-factory-3466858"},"modified":"2026-04-18T03:30:39","modified_gmt":"2026-04-18T02:30:39","slug":"ried-innkr-aprilia-rsv4-1100-factory-3466858","status":"publish","type":"product","link":"https:\/\/www.test.ginzinger.bike\/?product=ried-innkr-aprilia-rsv4-1100-factory-3466858","title":{"rendered":"RSV4 1100 Factory"},"content":{"rendered":"<p>Aprilia RSV4 1100 Factory,<br \/>Modell 2021 \/ 2022 \/ 2023,<br \/>NEUFAHRZEUGE &#8211; ohne KM und ohne Zulassung<br \/>Verf\u00fcgbar in den Farben:<br \/>-> schwarz-rot<br \/>-> violett<br \/>-> schwarz-gold<br \/>,<br \/>-> elektronisches \u00d6hlins Fahrwerk,<br \/>-> geschmiedete Felgen,<br \/>-> Schaltautomat zum hoch- und runterschalten,<br \/>-> 1.099 ccm,<br \/>-> 217 PS,<br \/>-> volles Elektronik Paket,<br \/>-> LED Scheinwerfer mit Tagfahrlicht und Kurvenlicht,<br \/>-> 8 Stufen Traktionskontrolle,<br \/>-> Wheely Kontrolle \/ Startkontrolle,<br \/>-> Einstellbare Motorbremse,<br \/>-> Lenkkopfwinkel \/ Motorposition \/ Schwingendrehpunkt einstellbar,<br \/>Finanzierung ab 275,- mtl<br \/>,<br \/>Gerne begr\u00fc\u00dfen wir Sie in unserer Rieder Niederlassung w\u00e4hrend unserer \u00d6ffnungszeiten:<br \/>MONTAG GESCHLOSSEN,<br \/>Di. &#8211; Fr. 08:00 &#8211; 12:00 Uhr und 13:30 &#8211; 18:00 Uhr,<br \/>Samstag 9:00 &#8211; 12:00 Uhr,<br \/>F\u00fcr eine Probefahrt bitten wir sie um kurze Terminvereinbarung,<br \/>Finanzierungen mit und auch ohne Anzahlung \/ auch Drittelfinanzierung m\u00f6glich,<br \/>Inzahlungnahme gebrauchter Motorr\u00e4der, Roller und auch Mopeds,<br \/>Angebot g\u00fcltig vorbehaltlich Irrt\u00fcmer und zwischenzeitlichen Verkaufes,<br \/>Tel: 07752 \/ 85801- DW 118 oder DW 119,<br \/>Mail: ried@ginzinger.at oder ried.vk@ginzinger.at<br \/>Ginzinger GmbH \/ Frankenburger Stra\u00dfe 19 \/ 4910 Ried im Innkreis,<br \/>#Italobike #Sport #Supersport<br \/>Fahrmodi<br \/>Schaltassistent mit Blipper<br \/>Sportfahrwerk<\/p>\n","protected":false},"excerpt":{"rendered":"<p>GM : 2023 :<\/p>\n","protected":false},"featured_media":766749,"comment_status":"closed","ping_status":"open","template":"","meta":{"_acf_changed":false},"product_brand":[212],"product_cat":[221,607,155],"product_tag":[214,220,589],"class_list":{"0":"post-766748","1":"product","2":"type-product","3":"status-publish","4":"has-post-thumbnail","6":"product_brand-aprilia","7":"product_cat-aprilia","8":"product_cat-gebrauchte","9":"product_cat-zweirad","10":"product_tag-aprilia","11":"product_tag-ried-innkr","12":"product_tag-supersport","13":"pa_biketyp-supersport","14":"pa_hubraumklasse-901-bis-1200","15":"pa_kw-klasse-ueber-120","16":"pa_zustand-gm","18":"first","19":"instock","20":"product-type-simple"},"acf":[],"_links":{"self":[{"href":"https:\/\/www.test.ginzinger.bike\/index.php?rest_route=\/wp\/v2\/product\/766748","targetHints":{"allow":["GET"]}}],"collection":[{"href":"https:\/\/www.test.ginzinger.bike\/index.php?rest_route=\/wp\/v2\/product"}],"about":[{"href":"https:\/\/www.test.ginzinger.bike\/index.php?rest_route=\/wp\/v2\/types\/product"}],"replies":[{"embeddable":true,"href":"https:\/\/www.test.ginzinger.bike\/index.php?rest_route=%2Fwp%2Fv2%2Fcomments&post=766748"}],"wp:featuredmedia":[{"embeddable":true,"href":"https:\/\/www.test.ginzinger.bike\/index.php?rest_route=\/wp\/v2\/media\/766749"}],"wp:attachment":[{"href":"https:\/\/www.test.ginzinger.bike\/index.php?rest_route=%2Fwp%2Fv2%2Fmedia&parent=766748"}],"wp:term":[{"taxonomy":"product_brand","embeddable":true,"href":"https:\/\/www.test.ginzinger.bike\/index.php?rest_route=%2Fwp%2Fv2%2Fproduct_brand&post=766748"},{"taxonomy":"product_cat","embeddable":true,"href":"https:\/\/www.test.ginzinger.bike\/index.php?rest_route=%2Fwp%2Fv2%2Fproduct_cat&post=766748"},{"taxonomy":"product_tag","embeddable":true,"href":"https:\/\/www.test.ginzinger.bike\/index.php?rest_route=%2Fwp%2Fv2%2Fproduct_tag&post=766748"}],"curies":[{"name":"wp","href":"https:\/\/api.w.org\/{rel}","templated":true}]}}