{"id":698365,"date":"2026-02-04T14:29:24","date_gmt":"2026-02-04T13:29:24","guid":{"rendered":"https:\/\/www.test.ginzinger.bike\/?post_type=product&#038;p=698365"},"modified":"2026-02-04T14:59:51","modified_gmt":"2026-02-04T13:59:51","slug":"sr-gt-125-abs-e5-replica","status":"publish","type":"product","link":"https:\/\/www.test.ginzinger.bike\/?product=sr-gt-125-abs-e5-replica","title":{"rendered":"SR GT 125 ABS E5 REPLICA"},"content":{"rendered":"<p>URBAN ADVENTURE Unaufhaltsam im st\u00e4dtischen Pendlerverkehr und bereit f\u00fcr Abenteuer<\/p>\n<p>Produktinformationen &#8220;SR GT 125 ABS E5 REPLICA&#8221;<\/p>\n<p>URBAN ADVENTURE<br \/>\nUnaufhaltsam im st\u00e4dtischen Pendlerverkehr und bereit f\u00fcr Abenteuer au\u00dferhalb der Stadt. Sportlich im Charakter, wendig und bereit f\u00fcr alles dank der Federung mit langem Federweg und den markanten R\u00e4dern. Der SR GT ist praktisch und sicher, mit einer aktiven Fahrposition, die Ihnen eine bessere Kontrolle \u00fcber die Stra\u00dfe erm\u00f6glicht, so wird das Fahren in und au\u00dferhalb der Stadt zu einem dynamischen Vergn\u00fcgen.<\/p>\n<p>Alltagssportlichkeit<br \/>\nDer SR GT wurde entwickelt, um den Abenteuerinstinkt zu befriedigen, der \u00fcber die Grenzen der Stadt hinausgeht, um auf jedem Terrain Spa\u00df zu haben.<\/p>\n","protected":false},"excerpt":{"rendered":"<p>SR GT 125 ABS E5 REPLICA<\/p>\n","protected":false},"featured_media":693031,"comment_status":"closed","ping_status":"closed","template":"","meta":{"_acf_changed":false},"product_brand":[212],"product_cat":[221,155],"product_tag":[357],"class_list":{"0":"post-698365","1":"product","2":"type-product","3":"status-publish","4":"has-post-thumbnail","6":"product_brand-aprilia","7":"product_cat-aprilia","8":"product_cat-zweirad","9":"product_tag-roller","10":"pa_biketyp-roller","11":"pa_kw-klasse-0-bis-11","13":"first","14":"instock","15":"product-type-simple"},"acf":[],"_links":{"self":[{"href":"https:\/\/www.test.ginzinger.bike\/index.php?rest_route=\/wp\/v2\/product\/698365","targetHints":{"allow":["GET"]}}],"collection":[{"href":"https:\/\/www.test.ginzinger.bike\/index.php?rest_route=\/wp\/v2\/product"}],"about":[{"href":"https:\/\/www.test.ginzinger.bike\/index.php?rest_route=\/wp\/v2\/types\/product"}],"replies":[{"embeddable":true,"href":"https:\/\/www.test.ginzinger.bike\/index.php?rest_route=%2Fwp%2Fv2%2Fcomments&post=698365"}],"wp:featuredmedia":[{"embeddable":true,"href":"https:\/\/www.test.ginzinger.bike\/index.php?rest_route=\/wp\/v2\/media\/693031"}],"wp:attachment":[{"href":"https:\/\/www.test.ginzinger.bike\/index.php?rest_route=%2Fwp%2Fv2%2Fmedia&parent=698365"}],"wp:term":[{"taxonomy":"product_brand","embeddable":true,"href":"https:\/\/www.test.ginzinger.bike\/index.php?rest_route=%2Fwp%2Fv2%2Fproduct_brand&post=698365"},{"taxonomy":"product_cat","embeddable":true,"href":"https:\/\/www.test.ginzinger.bike\/index.php?rest_route=%2Fwp%2Fv2%2Fproduct_cat&post=698365"},{"taxonomy":"product_tag","embeddable":true,"href":"https:\/\/www.test.ginzinger.bike\/index.php?rest_route=%2Fwp%2Fv2%2Fproduct_tag&post=698365"}],"curies":[{"name":"wp","href":"https:\/\/api.w.org\/{rel}","templated":true}]}}