{"id":564281,"date":"2026-01-12T10:33:23","date_gmt":"2026-01-12T09:33:23","guid":{"rendered":"https:\/\/www.test.ginzinger.bike\/?product=held-cosmo-wr-tourenjacke"},"modified":"2026-01-12T10:33:24","modified_gmt":"2026-01-12T09:33:24","slug":"held-cosmo-wr-tourenjacke","status":"publish","type":"product","link":"https:\/\/www.test.ginzinger.bike\/?product=held-cosmo-wr-tourenjacke","title":{"rendered":"Cosmo WR Tourenjacke"},"content":{"rendered":"<p>Die Cosmo WR Tourenjacke ist aus Soft-Rindleder mit TFL-COOL-SYSTEM\u00ae und DWR (Durable Water Repellent) Ausr\u00fcstung gefertigt. Sie verf\u00fcgt \u00fcber ein atmungsaktives 37.5\u00ae Futter und einen 3D air-Mesh Einsatz am R\u00fccken. Zur Ausstattung geh\u00f6ren eine Handytasche innen, zwei Au\u00dfen- und eine Innentasche, eine Dokumententasche, ein Frontrei\u00dfverschluss, der auch als Held ACS (Air-Vent) genutzt werden kann, Stretch-Eins\u00e4tze an Schultern und Ellbogen, ein Softkragen, H\u00fcftweitenverstellung und Held Clip-in Technology. Die Jacke ist nach EN 17092 zertifiziert und bietet Held Exosafe by D3O Protektoren an Schulter und Ellbogen (EN 1621-1:2012), einen nachr\u00fcstbaren R\u00fcckenprotektor (EN 1621-2:2014), Klett f\u00fcr einen nachr\u00fcstbaren Brustprotektor, Reflex-Eins\u00e4tze und einen Verbindungsrei\u00dfverschluss. Sie entspricht der Schutzklasse AA (EN 17092-3:2020).<br \/>\nErh\u00e4ltlich in den Gr\u00f6\u00dfen:48,50,52,54,56,58,60,62,64,98,102,106,110,275,285,295,305,315<br \/>\nObermaterial: Soft-Rindleder, TFL-COOL-SYSTEM\u00ae, DWR (Durable Water Repellent) Ausr\u00fcstung &#8211; wasserabweisende Eigenschaft Futter: atmungsaktives 37.5\u00ae Futter, 3D air-Mesh Einsatz am R\u00fccken<\/p>\n","protected":false},"excerpt":{"rendered":"<p>Cosmo WR Tourenjacke<\/p>\n","protected":false},"featured_media":564393,"comment_status":"closed","ping_status":"open","template":"","meta":{"_acf_changed":false},"product_brand":[305],"product_cat":[302,306],"product_tag":[307,308,309],"class_list":{"0":"post-564281","1":"product","2":"type-product","3":"status-publish","4":"has-post-thumbnail","6":"product_brand-held","7":"product_cat-stuff","8":"product_cat-jacken","9":"product_tag-jacken","10":"product_tag-sommer","11":"product_tag-touring","13":"first","14":"instock","15":"purchasable","16":"product-type-simple"},"acf":[],"_links":{"self":[{"href":"https:\/\/www.test.ginzinger.bike\/index.php?rest_route=\/wp\/v2\/product\/564281","targetHints":{"allow":["GET"]}}],"collection":[{"href":"https:\/\/www.test.ginzinger.bike\/index.php?rest_route=\/wp\/v2\/product"}],"about":[{"href":"https:\/\/www.test.ginzinger.bike\/index.php?rest_route=\/wp\/v2\/types\/product"}],"replies":[{"embeddable":true,"href":"https:\/\/www.test.ginzinger.bike\/index.php?rest_route=%2Fwp%2Fv2%2Fcomments&post=564281"}],"wp:featuredmedia":[{"embeddable":true,"href":"https:\/\/www.test.ginzinger.bike\/index.php?rest_route=\/wp\/v2\/media\/564393"}],"wp:attachment":[{"href":"https:\/\/www.test.ginzinger.bike\/index.php?rest_route=%2Fwp%2Fv2%2Fmedia&parent=564281"}],"wp:term":[{"taxonomy":"product_brand","embeddable":true,"href":"https:\/\/www.test.ginzinger.bike\/index.php?rest_route=%2Fwp%2Fv2%2Fproduct_brand&post=564281"},{"taxonomy":"product_cat","embeddable":true,"href":"https:\/\/www.test.ginzinger.bike\/index.php?rest_route=%2Fwp%2Fv2%2Fproduct_cat&post=564281"},{"taxonomy":"product_tag","embeddable":true,"href":"https:\/\/www.test.ginzinger.bike\/index.php?rest_route=%2Fwp%2Fv2%2Fproduct_tag&post=564281"}],"curies":[{"name":"wp","href":"https:\/\/api.w.org\/{rel}","templated":true}]}}