{"id":564275,"date":"2026-01-12T10:33:23","date_gmt":"2026-01-12T09:33:23","guid":{"rendered":"https:\/\/www.test.ginzinger.bike\/?product=held-cosmo-3-0-sportliche-tourenjacke"},"modified":"2026-01-12T10:33:23","modified_gmt":"2026-01-12T09:33:23","slug":"held-cosmo-3-0-sportliche-tourenjacke","status":"publish","type":"product","link":"https:\/\/www.test.ginzinger.bike\/?product=held-cosmo-3-0-sportliche-tourenjacke","title":{"rendered":"Cosmo 3.0 sportliche Tourenjacke"},"content":{"rendered":"<p>Art. 5733  Tipp: Pflege und Farbauffrischung mit dem Storm Care-Set Leder, Art. 92131  Material Soft-Rindleder TFL-COOL-SYSTEM\u00ae, reflektiert das Sonnenlicht  Futter 3D-Abstandsgewebe am R\u00fccken herausnehmbare Thermoweste atmungsaktives Netzfutter  Komfort\/Ausstattung 4 Au\u00dfentaschen 2 Innentaschen Handytasche innen Bel\u00fcftungs-Rei\u00dfverschl\u00fcsse in Front, R\u00fccken und Armen Frontrei\u00dfverschluss auch als ACS (Air-Vent) benutzbar Stretch-Eins\u00e4tze an Schultern und Ellbogen Softkragen H\u00fcftweitenverstellung Held Clip-in Technology  Sicherheit zertifiziert nach EN 17092, Schutzbekleidung f\u00fcr Motorradfahrer SAS-TEC\u00ae 3-D Protektoren an Schulter und Ellbogen aus visco-elastischem Weichschaum, zertifiziert nach EN 1621-1:2012, Level 2 R\u00fcckenprotektor nachr\u00fcstbar, zertifiziert nach EN 1621-2:2014 Klett f\u00fcr nachr\u00fcstbaren zweiteiligen Brustprotektor Art. 092227, zertifiziert nach EN 1621-3:2018, Level 1 Reflex-Eins\u00e4tze Verbindungsrei\u00dfverschluss  Schutzklasse A EN 17092-4:2020  Lederst\u00e4rke 1,0-1,1 mm  Farbe schwarz 01  Gr\u00f6\u00dfen: 46,48,50,52,54,56,58,60,62,64,66,68,70  lang: 98,102,106,110  untersetzt: 275,285,295,305  Damengr\u00f6\u00dfen: 34,36,38,40,42,44,46D<br \/>\nErh\u00e4ltlich in den Gr\u00f6\u00dfen:34,36,38,40,42,44,46D,46,48,50,52,54,56,58,60,62,64,66,68,70,98,102,106,110,275,285,295,305<br \/>\nObermaterial: Rindleder Futter 1: 100% Polyester Futter 2: 100% Baumwolle herausnehmbares Futter: 100% Polyester<\/p>\n","protected":false},"excerpt":{"rendered":"<p>Cosmo 3.0 sportliche Tourenjacke<\/p>\n","protected":false},"featured_media":564390,"comment_status":"closed","ping_status":"open","template":"","meta":{"_acf_changed":false},"product_brand":[305],"product_cat":[302,306],"product_tag":[307,308,309],"class_list":{"0":"post-564275","1":"product","2":"type-product","3":"status-publish","4":"has-post-thumbnail","6":"product_brand-held","7":"product_cat-stuff","8":"product_cat-jacken","9":"product_tag-jacken","10":"product_tag-sommer","11":"product_tag-touring","13":"first","14":"instock","15":"purchasable","16":"product-type-simple"},"acf":[],"_links":{"self":[{"href":"https:\/\/www.test.ginzinger.bike\/index.php?rest_route=\/wp\/v2\/product\/564275","targetHints":{"allow":["GET"]}}],"collection":[{"href":"https:\/\/www.test.ginzinger.bike\/index.php?rest_route=\/wp\/v2\/product"}],"about":[{"href":"https:\/\/www.test.ginzinger.bike\/index.php?rest_route=\/wp\/v2\/types\/product"}],"replies":[{"embeddable":true,"href":"https:\/\/www.test.ginzinger.bike\/index.php?rest_route=%2Fwp%2Fv2%2Fcomments&post=564275"}],"wp:featuredmedia":[{"embeddable":true,"href":"https:\/\/www.test.ginzinger.bike\/index.php?rest_route=\/wp\/v2\/media\/564390"}],"wp:attachment":[{"href":"https:\/\/www.test.ginzinger.bike\/index.php?rest_route=%2Fwp%2Fv2%2Fmedia&parent=564275"}],"wp:term":[{"taxonomy":"product_brand","embeddable":true,"href":"https:\/\/www.test.ginzinger.bike\/index.php?rest_route=%2Fwp%2Fv2%2Fproduct_brand&post=564275"},{"taxonomy":"product_cat","embeddable":true,"href":"https:\/\/www.test.ginzinger.bike\/index.php?rest_route=%2Fwp%2Fv2%2Fproduct_cat&post=564275"},{"taxonomy":"product_tag","embeddable":true,"href":"https:\/\/www.test.ginzinger.bike\/index.php?rest_route=%2Fwp%2Fv2%2Fproduct_tag&post=564275"}],"curies":[{"name":"wp","href":"https:\/\/api.w.org\/{rel}","templated":true}]}}