{"id":559175,"date":"2026-01-11T19:40:31","date_gmt":"2026-01-11T18:40:31","guid":{"rendered":"https:\/\/www.test.ginzinger.bike\/?post_type=product&#038;p=559175"},"modified":"2026-01-12T10:36:38","modified_gmt":"2026-01-12T09:36:38","slug":"agv-k7-mplk-mono-black-motorrad-integral-helm-e2206","status":"publish","type":"product","link":"https:\/\/www.test.ginzinger.bike\/?product=agv-k7-mplk-mono-black-motorrad-integral-helm-e2206","title":{"rendered":"K7 MPLK MONO BLACK &#8211; MOTORRAD INTEGRAL-HELM E2206"},"content":{"rendered":"<p>Extremer Schutz, im kompaktesten Helm seiner Kategorie, f\u00fcr jeden Stra\u00dfeneinsatz geeignet.<\/p>\n<p>Der K7 ist das perfekte Gleichgewicht zwischen Sport und Touring auf der h\u00f6chsten Entwicklungsstufe. Dieser Helm ist f\u00fcr jeden Fahrstil und jede Art von Stra\u00dfe geeignet und vereint das Beste aus den Bereichen Sport und Touring, um jede Herausforderung auf zwei R\u00e4dern zu meistern. Von den anspruchsvollsten Kurven bis hin zu langen Abenteuern im Sattel.<\/p>\n<p>Die Verbundfaserschale des K7 bietet hervorragenden Schutz und macht ihn so zum kompaktesten Stra\u00dfen-Integralhelm seiner Kategorie. Mit einem Gewicht von nur 1.450 g bei der ersten Schalengr\u00f6\u00dfe punktet er durch unverzichtbare Leichtigkeit. Dank drei Schalengr\u00f6\u00dfen und vier EPS-Gr\u00f6\u00dfen passt sich der K7 jedem Fahrer perfekt an und bietet Komfort in allen Fahrsituationen. Der K7 unterliegt dem strengen AGV Extreme Safety-Designprotokoll und besteht m\u00fchelos alle Tests der Norm ECE 22-06. Dar\u00fcber hinaus reduziert das von AGV entwickelte Profil zum Schutz des Schl\u00fcsselbeins signifikant das Risiko von Verletzungen in diesem Bereich des K\u00f6rpers bei einem Aufprall. Eine auf der Rennstrecke entstandene L\u00f6sung, die allen Motorradfahrern auf der Suche nach Perfektion zur Verf\u00fcgung steht.<\/p>\n<p>Das im Windkanal entwickelte Design des K7 bietet maximale Stabilit\u00e4t bei hoher Geschwindigkeit und ist damit ideal f\u00fcr sportliches Fahren und den Bereich Touring. Der neue Visiermechanismus erm\u00f6glicht eine reibungslose und zuverl\u00e4ssige Aktivierung, mit einem kompakten Profil und mehr EPS im Schl\u00e4fenbereich f\u00fcr besseren Schutz. Der K7 ist au\u00dferdem mit dem Bel\u00fcftungssystem Air Diffusion Crownpad Technology ausgestattet, einer patentierten AGV-Technologie, die das h\u00f6chste Niveau bei der Luftverteilung im Inneren bietet, das jemals bei einem Helm erreicht wurde. Dank eines kombinierten Designs von Innenfutter und EPS garantiert diese Technologie maximale Bel\u00fcftungseffizienz. Jedes Detail vom Visier bis hin zum Spoiler wurde mit dem Ziel entwickelt, den Luftstrom innerhalb des Innenfutters zu optimieren und damit einen \u00fcberragenden Fahrkomfort zu gew\u00e4hrleisten.<\/p>\n<p>Die Premium-Innenausstattung aus weichem Stoff mit DrySpeed-Behandlung, die Schwei\u00df schnell absorbiert, bietet extremen Komfort, sodass sich der Fahrer ausschlie\u00dflich auf die Stra\u00dfe konzentrieren kann. Das kratzfeste Ultravision-Panoramavisier mit 190\u00b0-Sichtfeld erm\u00f6glicht in jeder Fahrposition eine klare und umfassende Sicht auf die Stra\u00dfe und auf Hindernisse. Das Visier, die integrierte Sonnenblende und das Antibeschlagsystem Pinlock\u00ae 120 Max Vision\u2122 garantieren perfekte Sicht unter allen Bedingungen. Nicht zuletzt ist der K7 auf den Einbau einer voll integrierten Gegensprechanlage ausgelegt, um eine einfache und sichere Kommunikation zu erm\u00f6glichen.<br \/>\nProduct Material: Composite Fibre<br \/>\nInnenausstattung:<br \/>\n&#8211; Wangenpolster, austauschbar zwischen allen Gr\u00f6\u00dfen<br \/>\n&#8211; Wangenpolster: frisches und geschmeidiges Ritmo-Gewebe<br \/>\n&#8211; Kopfpolster: sanftes und weiches Shalimar-Gewebe<br \/>\n&#8211; DrySpeed: sofortige Schwei\u00dfaufnahme<br \/>\n&#8211; Geschwungenes Nackenschutzprofil<br \/>\n&#8211; Speziell f\u00fcr Brillentr\u00e4ger entwickelte Passform<br \/>\n&#8211; Microsense: Premium-Hautkomfort<br \/>\n&#8211; Nackenrolle: Ritmo-Gewebe und Kunstleder, wasserabweisend mit hoher Abriebfestigkeit<br \/>\n&#8211; Herausnehmbares und waschbares Futter<br \/>\n&#8211; Abnehmbarer Nasenschutz<br \/>\n&#8211; Herausnehmbarer Windschutz<\/p>\n","protected":false},"excerpt":{"rendered":"<p>Extremer Schutz, im kompaktesten Helm seiner Kategorie, f\u00fcr jeden Stra\u00dfeneinsatz geeignet.<\/p>\n<p>Der K7 ist das perfekte Gleichgewicht zwischen Sport und Touring auf der h\u00f6chsten Entwicklungsstufe. Dieser Helm ist f\u00fcr jeden Fahrstil und jede Art von Stra\u00dfe geeignet und vereint das Beste aus den Bereichen Sport und Touring, um jede Herausforderung auf zwei R\u00e4dern zu meistern. Von den anspruchsvollsten Kurven bis hin zu langen Abenteuern im Sattel.<\/p>\n<p>Die Verbundfaserschale des K7 bietet hervorragenden Schutz und macht ihn so zum kompaktesten Stra\u00dfen-Integralhelm seiner Kategorie. Mit einem Gewicht von nur 1.450 g bei der ersten Schalengr\u00f6\u00dfe punktet er durch unverzichtbare Leichtigkeit. Dank drei Schalengr\u00f6\u00dfen und vier EPS-Gr\u00f6\u00dfen passt sich der K7 jedem Fahrer perfekt an und bietet Komfort in allen Fahrsituationen. Der K7 unterliegt dem strengen AGV Extreme Safety-Designprotokoll und besteht m\u00fchelos alle Tests der Norm ECE 22-06. Dar\u00fcber hinaus reduziert das von AGV entwickelte Profil zum Schutz des Schl\u00fcsselbeins signifikant das Risiko von Verletzungen in diesem Bereich des K\u00f6rpers bei einem Aufprall. Eine auf der Rennstrecke entstandene L\u00f6sung, die allen Motorradfahrern auf der Suche nach Perfektion zur Verf\u00fcgung steht.<\/p>\n<p>Das im Windkanal entwickelte Design des K7 bietet maximale Stabilit\u00e4t bei hoher Geschwindigkeit und ist damit ideal f\u00fcr sportliches Fahren und den Bereich Touring. Der neue Visiermechanismus erm\u00f6glicht eine reibungslose und zuverl\u00e4ssige Aktivierung, mit einem kompakten Profil und mehr EPS im Schl\u00e4fenbereich f\u00fcr besseren Schutz. Der K7 ist au\u00dferdem mit dem Bel\u00fcftungssystem Air Diffusion Crownpad Technology ausgestattet, einer patentierten AGV-Technologie, die das h\u00f6chste Niveau bei der Luftverteilung im Inneren bietet, das jemals bei einem Helm erreicht wurde. Dank eines kombinierten Designs von Innenfutter und EPS garantiert diese Technologie maximale Bel\u00fcftungseffizienz. Jedes Detail vom Visier bis hin zum Spoiler wurde mit dem Ziel entwickelt, den Luftstrom innerhalb des Innenfutters zu optimieren und damit einen \u00fcberragenden Fahrkomfort zu gew\u00e4hrleisten.<\/p>\n<p>Die Premium-Innenausstattung aus weichem Stoff mit DrySpeed-Behandlung, die Schwei\u00df schnell absorbiert, bietet extremen Komfort, sodass sich der Fahrer ausschlie\u00dflich auf die Stra\u00dfe konzentrieren kann. Das kratzfeste Ultravision-Panoramavisier mit 190\u00b0-Sichtfeld erm\u00f6glicht in jeder Fahrposition eine klare und umfassende Sicht auf die Stra\u00dfe und auf Hindernisse. Das Visier, die integrierte Sonnenblende und das Antibeschlagsystem Pinlock\u00ae 120 Max Vision\u2122 garantieren perfekte Sicht unter allen Bedingungen. Nicht zuletzt ist der K7 auf den Einbau einer voll integrierten Gegensprechanlage ausgelegt, um eine einfache und sichere Kommunikation zu erm\u00f6glichen.<\/p>\n","protected":false},"featured_media":559343,"comment_status":"closed","ping_status":"closed","template":"","meta":{"_acf_changed":false},"product_brand":[303],"product_cat":[302],"product_tag":[],"class_list":{"0":"post-559175","1":"product","2":"type-product","3":"status-publish","4":"has-post-thumbnail","6":"product_brand-agv","7":"product_cat-stuff","9":"first","10":"instock","11":"purchasable","12":"product-type-simple"},"acf":[],"_links":{"self":[{"href":"https:\/\/www.test.ginzinger.bike\/index.php?rest_route=\/wp\/v2\/product\/559175","targetHints":{"allow":["GET"]}}],"collection":[{"href":"https:\/\/www.test.ginzinger.bike\/index.php?rest_route=\/wp\/v2\/product"}],"about":[{"href":"https:\/\/www.test.ginzinger.bike\/index.php?rest_route=\/wp\/v2\/types\/product"}],"replies":[{"embeddable":true,"href":"https:\/\/www.test.ginzinger.bike\/index.php?rest_route=%2Fwp%2Fv2%2Fcomments&post=559175"}],"wp:featuredmedia":[{"embeddable":true,"href":"https:\/\/www.test.ginzinger.bike\/index.php?rest_route=\/wp\/v2\/media\/559343"}],"wp:attachment":[{"href":"https:\/\/www.test.ginzinger.bike\/index.php?rest_route=%2Fwp%2Fv2%2Fmedia&parent=559175"}],"wp:term":[{"taxonomy":"product_brand","embeddable":true,"href":"https:\/\/www.test.ginzinger.bike\/index.php?rest_route=%2Fwp%2Fv2%2Fproduct_brand&post=559175"},{"taxonomy":"product_cat","embeddable":true,"href":"https:\/\/www.test.ginzinger.bike\/index.php?rest_route=%2Fwp%2Fv2%2Fproduct_cat&post=559175"},{"taxonomy":"product_tag","embeddable":true,"href":"https:\/\/www.test.ginzinger.bike\/index.php?rest_route=%2Fwp%2Fv2%2Fproduct_tag&post=559175"}],"curies":[{"name":"wp","href":"https:\/\/api.w.org\/{rel}","templated":true}]}}